{"id":1176,"date":"2018-07-13T07:16:49","date_gmt":"2018-07-13T07:16:49","guid":{"rendered":"https:\/\/wawkomp.szubin.net\/?page_id=1176"},"modified":"2024-10-20T18:12:55","modified_gmt":"2024-10-20T18:12:55","slug":"rodo","status":"publish","type":"page","link":"https:\/\/wawkomp.szubin.net\/?page_id=1176","title":{"rendered":"RODO"},"content":{"rendered":"\n<p class=\"has-text-align-center\"><span style=\"color: #999999;\">Drogi U\u017cytkowniku,<\/span><\/p>\n\n\n\n<p class=\"has-text-align-center\"><span style=\"color: #999999;\">Informuj\u0119, \u017ce strona i dzia\u0142alno\u015b\u0107 firmy jest dostosowana do wymog\u00f3w Rozporz\u0105dzenia <br>o Ochronie Danych Osobowych (RODO).<\/span><\/p>\n\n\n\n<p class=\"has-text-align-center\"><span style=\"color: #999999;\">Cel, zakres i spos\u00f3b przetwarzania danych osobowych przez<\/span><\/p>\n\n\n<div class=\"wp-block-image\">\n<figure class=\"aligncenter size-full is-resized\"><img loading=\"lazy\" decoding=\"async\" width=\"762\" height=\"273\" src=\"https:\/\/wawkomp.szubin.net\/wp-content\/uploads\/2012\/05\/logo_Szary-napis.gif\" alt=\"\" class=\"wp-image-1701\" style=\"width:263px;height:auto\"\/><\/figure>\n<\/div>\n\n\n<ol class=\"wp-block-list\">\n<li><span style=\"color: #999999;\">Administratorem Pani\/Pana danych jest\u00a0\u00a0Firma WawKomp<strong>,\u00a0<\/strong><strong>reprezentowana przez<\/strong><strong>\u00a0Wawrzyna Nowaka &#8211; w\u0142a\u015bciciela firmy<br><\/strong>WawKomp z siedzib\u0105 ul. M\u0142y\u0144ska 24, 89-200 Szubin<strong>.<\/strong><\/span><\/li>\n\n\n\n<li><span style=\"color: #999999;\">Z administratorem danych osobowych mo\u017cna skontaktowa\u0107 si\u0119 telefonicznie pod numerem 609-034-378, 785-105-423 lub za po\u015brednictwem e-mail: wawkomp@o2.pl.<\/span><\/li>\n\n\n\n<li><span style=\"color: #999999;\">Pani\/Pana dane osobowe przetwarzane s\u0105 w celu realizacji\u00a0<b>us\u0142ugi przez\u00a0<\/b>Firm\u0119 WawKomp.<\/span><\/li>\n\n\n\n<li><span style=\"color: #999999;\">Podstaw\u0105 do przetwarzania danych osobowych jest\u00a0\u00a0<b>art. 6. ust. 1 pkt. a Rozporz\u0105dzenia Parlamentu Europejskiego i Rady (UE) 2016\/679 z 27 kwietnia 2016 r. w sprawie ochrony os\u00f3b fizycznych <br>w zwi\u0105zku z przetwarzaniem danych osobowych i w sprawie swobodnego przep\u0142ywu takich danych oraz uchylenia dyrektywy 95\/46\/WE (Dz. Urz. UE L Nr 119, str. 1).<\/b><\/span><\/li>\n\n\n\n<li><span style=\"color: #999999;\">Podanie danych jest dobrowolne, jednak konieczne dla realizacji celu, jakim jest\u00a0<b>realizacja us\u0142ugi.<\/b><\/span><\/li>\n\n\n\n<li><span style=\"color: #999999;\">Pa\u0144stwa dane osobowe mog\u0105 by\u0107 przetwarzane przez podmioty zewn\u0119trzne \u015bwiadcz\u0105ce us\u0142ugi na rzecz Administratora przy zachowaniu prywatno\u015bci oraz praw <br>i wolno\u015bci osoby, kt\u00f3rej dane dotycz\u0105.<\/span><\/li>\n\n\n\n<li><span style=\"color: #999999;\">Pani\/Pana dane osobowe b\u0119d\u0105 przetwarzane oraz przechowywane przez czas niezb\u0119dny do wykonania us\u0142ugi jak i po jej zako\u0144czeniu\u00a0nie d\u0142u\u017cej jednak jak do przedawnienia roszcze\u0144 <br>w stosunku do wykonanej us\u0142ugi.<\/span><\/li>\n\n\n\n<li><span style=\"color: #999999;\">Posiada Pani\/Pan prawo dost\u0119pu do tre\u015bci swoich danych oraz z zastrze\u017ceniem przepis\u00f3w prawa: prawo ich sprostowania, prawo do usuni\u0119cia danych (\u201eprawo do bycia zapomnianym\u201d), prawo do ograniczenia przetwarzania, prawo do przenoszenia danych, prawo do sprzeciwu przetwarzania danych.<\/span><\/li>\n\n\n\n<li><span style=\"color: #999999;\">Pani\/Pana dane nie b\u0119d\u0105 przetwarzane w spos\u00f3b zautomatyzowany i nie b\u0119d\u0105 poddawane profilowaniu.<\/span><\/li>\n\n\n\n<li><span style=\"color: #999999;\">Osoba, kt\u00f3rej dane dotycz\u0105, posiada r\u00f3wnie\u017c prawo do wniesienia skargi do organu nadzorczego (Prezesa Urz\u0119du Ochrony Danych Osobowych) w przypadku uznania, \u017ce przetwarzanie danych osobowych narusza przepisy Og\u00f3lnego rozporz\u0105dzenia <br>o ochronie danych.<\/span><\/li>\n\n\n\n<li><span style=\"color: #999999;\">Dane osobowe nie s\u0105 przekazywane do pa\u0144stw trzecich, z wyj\u0105tkiem sytuacji przewidzianych w przepisach prawa.<\/span><\/li>\n<\/ol>\n\n\n\n<p><\/p>\n","protected":false},"excerpt":{"rendered":"<p>Drogi U\u017cytkowniku, Informuj\u0119, \u017ce strona i dzia\u0142alno\u015b\u0107 firmy jest dostosowana do wymog\u00f3w Rozporz\u0105dzenia o Ochronie Danych Osobowych (RODO). Cel, zakres i spos\u00f3b przetwarzania danych osobowych przez<\/p>\n","protected":false},"author":1,"featured_media":0,"parent":0,"menu_order":0,"comment_status":"closed","ping_status":"closed","template":"","meta":{"footnotes":""},"class_list":["post-1176","page","type-page","status-publish","hentry"],"_links":{"self":[{"href":"https:\/\/wawkomp.szubin.net\/index.php?rest_route=\/wp\/v2\/pages\/1176","targetHints":{"allow":["GET"]}}],"collection":[{"href":"https:\/\/wawkomp.szubin.net\/index.php?rest_route=\/wp\/v2\/pages"}],"about":[{"href":"https:\/\/wawkomp.szubin.net\/index.php?rest_route=\/wp\/v2\/types\/page"}],"author":[{"embeddable":true,"href":"https:\/\/wawkomp.szubin.net\/index.php?rest_route=\/wp\/v2\/users\/1"}],"replies":[{"embeddable":true,"href":"https:\/\/wawkomp.szubin.net\/index.php?rest_route=%2Fwp%2Fv2%2Fcomments&post=1176"}],"version-history":[{"count":13,"href":"https:\/\/wawkomp.szubin.net\/index.php?rest_route=\/wp\/v2\/pages\/1176\/revisions"}],"predecessor-version":[{"id":1729,"href":"https:\/\/wawkomp.szubin.net\/index.php?rest_route=\/wp\/v2\/pages\/1176\/revisions\/1729"}],"wp:attachment":[{"href":"https:\/\/wawkomp.szubin.net\/index.php?rest_route=%2Fwp%2Fv2%2Fmedia&parent=1176"}],"curies":[{"name":"wp","href":"https:\/\/api.w.org\/{rel}","templated":true}]}}