{"id":13,"date":"2012-06-03T07:09:52","date_gmt":"2012-06-03T07:09:52","guid":{"rendered":"https:\/\/wawkomp.szubin.net\/?page_id=13"},"modified":"2025-08-30T09:07:57","modified_gmt":"2025-08-30T09:07:57","slug":"oferta","status":"publish","type":"page","link":"https:\/\/wawkomp.szubin.net\/?page_id=13","title":{"rendered":"Oferta"},"content":{"rendered":"<ul>\n<li><span style=\"color: #800000;\"><span style=\"color: #800000;\"><img loading=\"lazy\" decoding=\"async\" class=\" wp-image-59 alignright\" src=\"https:\/\/wawkomp.szubin.net\/wp-content\/uploads\/2012\/06\/KOMP.png\" alt=\"KOMP\" width=\"121\" height=\"121\" srcset=\"https:\/\/wawkomp.szubin.net\/wp-content\/uploads\/2012\/06\/KOMP.png 256w, https:\/\/wawkomp.szubin.net\/wp-content\/uploads\/2012\/06\/KOMP-150x150.png 150w\" sizes=\"auto, (max-width: 121px) 100vw, 121px\" \/><span style=\"color: #ffff00;\"><strong>Polecamy laptopy, monitory i komputery stacjonarne poleasingowe w bardzo korzystnych cenach!<\/strong><br \/>\n<\/span><\/span><\/span><span style=\"color: #800000;\"><span style=\"color: #ffff00;\">Ponadto oferujemy:\u00a0<\/span><\/span><\/li>\n<li>naprawy komputer\u00f3w stacjonarnych i przeno\u015bnych,<\/li>\n<li>sprzeda\u017c drukarek, router\u00f3w, komputer\u00f3w w dowolnej konfiguracji, monitor\u00f3w i innych urz\u0105dze\u0144 techniki komputerowej,<\/li>\n<li>instalacj\u0119 oprogramowania systemowego<\/li>\n<li>modernizacj\u0119 komputer\u00f3w<\/li>\n<li>elementy sieci komputerowych opartych na kablach i bezprzewodowych<\/li>\n<li>konfiguracj\u0119 urz\u0105dze\u0144 sieciowych typu router, modemy ADSL, routery do rozdzielania sieci kom\u00f3rkowej<\/li>\n<li>zgrywanie kaset VHS na DVD<\/li>\n<li>wydruki kolorowe i czarnobia\u0142e<\/li>\n<\/ul>\n<p><strong>Serwis:<br \/>\n<\/strong>Cena za napraw\u0119 komputera uzale\u017cniona jest od stopnia uszkodzenia (zale\u017cy od tego czy jest spowodowana wadliwym dzia\u0142aniem np. systemu operacyjnego, lub \u017ale dzia\u0142aj\u0105cymi podzespo\u0142ami). Warto\u015b\u0107 us\u0142ugi do uzgodnienia z klientem.<br \/>\n<strong><br \/>\nSprzeda\u017c:<br \/>\n<\/strong>Przyjd\u017a i zobacz sam co i za ile. Mo\u017cesz r\u00f3wnie\u017c zadzwoni\u0107 (785-105-423) lub\u00a0<a href=\"mailto:wawkomp@o2.pl\">napisa\u0107<\/a>. Zawsze znajdziemy to czego potrzebujesz i zaoferujemy konkurencyjn\u0105 cen\u0119.<\/p>\n<p><img loading=\"lazy\" decoding=\"async\" class=\"aligncenter size-full wp-image-1145\" src=\"https:\/\/wawkomp.szubin.net\/wp-content\/uploads\/2012\/05\/wawkomp-baner.jpg\" alt=\"\" width=\"850\" height=\"283\" \/><\/p>\n","protected":false},"excerpt":{"rendered":"<p>Polecamy laptopy, monitory i komputery stacjonarne poleasingowe w bardzo korzystnych cenach! Ponadto oferujemy:\u00a0 naprawy komputer\u00f3w stacjonarnych i przeno\u015bnych, sprzeda\u017c drukarek, router\u00f3w, komputer\u00f3w w dowolnej konfiguracji, monitor\u00f3w i innych urz\u0105dze\u0144 techniki komputerowej, instalacj\u0119 oprogramowania systemowego modernizacj\u0119 komputer\u00f3w elementy sieci komputerowych opartych na kablach i bezprzewodowych konfiguracj\u0119 urz\u0105dze\u0144 sieciowych typu router, modemy ADSL, routery do rozdzielania sieci&hellip; <a class=\"continue\" href=\"https:\/\/wawkomp.szubin.net\/?page_id=13\">Continue Reading<span> Oferta<\/span><\/a><\/p>\n","protected":false},"author":1,"featured_media":0,"parent":0,"menu_order":0,"comment_status":"open","ping_status":"open","template":"","meta":{"footnotes":""},"class_list":["post-13","page","type-page","status-publish","hentry"],"_links":{"self":[{"href":"https:\/\/wawkomp.szubin.net\/index.php?rest_route=\/wp\/v2\/pages\/13","targetHints":{"allow":["GET"]}}],"collection":[{"href":"https:\/\/wawkomp.szubin.net\/index.php?rest_route=\/wp\/v2\/pages"}],"about":[{"href":"https:\/\/wawkomp.szubin.net\/index.php?rest_route=\/wp\/v2\/types\/page"}],"author":[{"embeddable":true,"href":"https:\/\/wawkomp.szubin.net\/index.php?rest_route=\/wp\/v2\/users\/1"}],"replies":[{"embeddable":true,"href":"https:\/\/wawkomp.szubin.net\/index.php?rest_route=%2Fwp%2Fv2%2Fcomments&post=13"}],"version-history":[{"count":38,"href":"https:\/\/wawkomp.szubin.net\/index.php?rest_route=\/wp\/v2\/pages\/13\/revisions"}],"predecessor-version":[{"id":1800,"href":"https:\/\/wawkomp.szubin.net\/index.php?rest_route=\/wp\/v2\/pages\/13\/revisions\/1800"}],"wp:attachment":[{"href":"https:\/\/wawkomp.szubin.net\/index.php?rest_route=%2Fwp%2Fv2%2Fmedia&parent=13"}],"curies":[{"name":"wp","href":"https:\/\/api.w.org\/{rel}","templated":true}]}}