{"id":1340,"date":"2021-12-14T17:08:24","date_gmt":"2021-12-14T17:08:24","guid":{"rendered":"https:\/\/wawkomp.szubin.net\/?page_id=1340"},"modified":"2021-12-14T17:08:24","modified_gmt":"2021-12-14T17:08:24","slug":"remont-magazynu-lipiec-2021","status":"publish","type":"page","link":"https:\/\/wawkomp.szubin.net\/?page_id=1340","title":{"rendered":"Remont magazynu &#8211; lipiec 2021"},"content":{"rendered":"\n<p>W lipcu przyst\u0105pili\u015bmy r\u00f3wnie\u017c do remontu, przygotowania pomieszczenia magazynu.<\/p>\n\n\n\n<figure class=\"wp-block-gallery columns-7 is-cropped wp-block-gallery-1 is-layout-flex wp-block-gallery-is-layout-flex\"><ul class=\"blocks-gallery-grid\"><li class=\"blocks-gallery-item\"><figure><a href=\"https:\/\/wawkomp.szubin.net\/?attachment_id=1341\"><img loading=\"lazy\" decoding=\"async\" width=\"394\" height=\"700\" src=\"https:\/\/wawkomp.szubin.net\/wp-content\/uploads\/2021\/12\/image1-1.jpg\" alt=\"\" data-id=\"1341\" data-full-url=\"https:\/\/wawkomp.szubin.net\/wp-content\/uploads\/2021\/12\/image1-1.jpg\" data-link=\"https:\/\/wawkomp.szubin.net\/?attachment_id=1341\" class=\"wp-image-1341\" srcset=\"https:\/\/wawkomp.szubin.net\/wp-content\/uploads\/2021\/12\/image1-1.jpg 394w, https:\/\/wawkomp.szubin.net\/wp-content\/uploads\/2021\/12\/image1-1-169x300.jpg 169w\" sizes=\"auto, (max-width: 394px) 100vw, 394px\" \/><\/a><\/figure><\/li><li class=\"blocks-gallery-item\"><figure><a href=\"https:\/\/wawkomp.szubin.net\/?attachment_id=1342\"><img loading=\"lazy\" decoding=\"async\" width=\"900\" height=\"506\" src=\"https:\/\/wawkomp.szubin.net\/wp-content\/uploads\/2021\/12\/image2-1.jpg\" alt=\"\" data-id=\"1342\" data-full-url=\"https:\/\/wawkomp.szubin.net\/wp-content\/uploads\/2021\/12\/image2-1.jpg\" data-link=\"https:\/\/wawkomp.szubin.net\/?attachment_id=1342\" class=\"wp-image-1342\" srcset=\"https:\/\/wawkomp.szubin.net\/wp-content\/uploads\/2021\/12\/image2-1.jpg 900w, https:\/\/wawkomp.szubin.net\/wp-content\/uploads\/2021\/12\/image2-1-300x169.jpg 300w, https:\/\/wawkomp.szubin.net\/wp-content\/uploads\/2021\/12\/image2-1-768x432.jpg 768w\" sizes=\"auto, (max-width: 900px) 100vw, 900px\" \/><\/a><\/figure><\/li><li class=\"blocks-gallery-item\"><figure><a href=\"https:\/\/wawkomp.szubin.net\/?attachment_id=1343\"><img loading=\"lazy\" decoding=\"async\" width=\"900\" height=\"506\" src=\"https:\/\/wawkomp.szubin.net\/wp-content\/uploads\/2021\/12\/image3-1.jpg\" alt=\"\" data-id=\"1343\" data-full-url=\"https:\/\/wawkomp.szubin.net\/wp-content\/uploads\/2021\/12\/image3-1.jpg\" data-link=\"https:\/\/wawkomp.szubin.net\/?attachment_id=1343\" class=\"wp-image-1343\" srcset=\"https:\/\/wawkomp.szubin.net\/wp-content\/uploads\/2021\/12\/image3-1.jpg 900w, https:\/\/wawkomp.szubin.net\/wp-content\/uploads\/2021\/12\/image3-1-300x169.jpg 300w, https:\/\/wawkomp.szubin.net\/wp-content\/uploads\/2021\/12\/image3-1-768x432.jpg 768w\" sizes=\"auto, (max-width: 900px) 100vw, 900px\" \/><\/a><\/figure><\/li><li class=\"blocks-gallery-item\"><figure><a href=\"https:\/\/wawkomp.szubin.net\/?attachment_id=1344\"><img loading=\"lazy\" decoding=\"async\" width=\"394\" height=\"700\" src=\"https:\/\/wawkomp.szubin.net\/wp-content\/uploads\/2021\/12\/image4.jpg\" alt=\"\" data-id=\"1344\" data-full-url=\"https:\/\/wawkomp.szubin.net\/wp-content\/uploads\/2021\/12\/image4.jpg\" data-link=\"https:\/\/wawkomp.szubin.net\/?attachment_id=1344\" class=\"wp-image-1344\" srcset=\"https:\/\/wawkomp.szubin.net\/wp-content\/uploads\/2021\/12\/image4.jpg 394w, https:\/\/wawkomp.szubin.net\/wp-content\/uploads\/2021\/12\/image4-169x300.jpg 169w\" sizes=\"auto, (max-width: 394px) 100vw, 394px\" \/><\/a><\/figure><\/li><li class=\"blocks-gallery-item\"><figure><a href=\"https:\/\/wawkomp.szubin.net\/?attachment_id=1345\"><img loading=\"lazy\" decoding=\"async\" width=\"394\" height=\"700\" src=\"https:\/\/wawkomp.szubin.net\/wp-content\/uploads\/2021\/12\/image5.jpg\" alt=\"\" data-id=\"1345\" data-full-url=\"https:\/\/wawkomp.szubin.net\/wp-content\/uploads\/2021\/12\/image5.jpg\" data-link=\"https:\/\/wawkomp.szubin.net\/?attachment_id=1345\" class=\"wp-image-1345\" srcset=\"https:\/\/wawkomp.szubin.net\/wp-content\/uploads\/2021\/12\/image5.jpg 394w, https:\/\/wawkomp.szubin.net\/wp-content\/uploads\/2021\/12\/image5-169x300.jpg 169w\" sizes=\"auto, (max-width: 394px) 100vw, 394px\" \/><\/a><\/figure><\/li><li class=\"blocks-gallery-item\"><figure><a href=\"https:\/\/wawkomp.szubin.net\/?attachment_id=1346\"><img loading=\"lazy\" decoding=\"async\" width=\"900\" height=\"506\" src=\"https:\/\/wawkomp.szubin.net\/wp-content\/uploads\/2021\/12\/image6.jpg\" alt=\"\" data-id=\"1346\" data-full-url=\"https:\/\/wawkomp.szubin.net\/wp-content\/uploads\/2021\/12\/image6.jpg\" data-link=\"https:\/\/wawkomp.szubin.net\/?attachment_id=1346\" class=\"wp-image-1346\" srcset=\"https:\/\/wawkomp.szubin.net\/wp-content\/uploads\/2021\/12\/image6.jpg 900w, https:\/\/wawkomp.szubin.net\/wp-content\/uploads\/2021\/12\/image6-300x169.jpg 300w, https:\/\/wawkomp.szubin.net\/wp-content\/uploads\/2021\/12\/image6-768x432.jpg 768w\" sizes=\"auto, (max-width: 900px) 100vw, 900px\" \/><\/a><\/figure><\/li><li class=\"blocks-gallery-item\"><figure><a href=\"https:\/\/wawkomp.szubin.net\/?attachment_id=1347\"><img loading=\"lazy\" decoding=\"async\" width=\"900\" height=\"506\" src=\"https:\/\/wawkomp.szubin.net\/wp-content\/uploads\/2021\/12\/image7.jpg\" alt=\"\" data-id=\"1347\" data-full-url=\"https:\/\/wawkomp.szubin.net\/wp-content\/uploads\/2021\/12\/image7.jpg\" data-link=\"https:\/\/wawkomp.szubin.net\/?attachment_id=1347\" class=\"wp-image-1347\" srcset=\"https:\/\/wawkomp.szubin.net\/wp-content\/uploads\/2021\/12\/image7.jpg 900w, https:\/\/wawkomp.szubin.net\/wp-content\/uploads\/2021\/12\/image7-300x169.jpg 300w, https:\/\/wawkomp.szubin.net\/wp-content\/uploads\/2021\/12\/image7-768x432.jpg 768w\" sizes=\"auto, (max-width: 900px) 100vw, 900px\" \/><\/a><\/figure><\/li><li class=\"blocks-gallery-item\"><figure><a href=\"https:\/\/wawkomp.szubin.net\/?attachment_id=1348\"><img loading=\"lazy\" decoding=\"async\" width=\"900\" height=\"506\" src=\"https:\/\/wawkomp.szubin.net\/wp-content\/uploads\/2021\/12\/image8.jpg\" alt=\"\" data-id=\"1348\" data-full-url=\"https:\/\/wawkomp.szubin.net\/wp-content\/uploads\/2021\/12\/image8.jpg\" data-link=\"https:\/\/wawkomp.szubin.net\/?attachment_id=1348\" class=\"wp-image-1348\" srcset=\"https:\/\/wawkomp.szubin.net\/wp-content\/uploads\/2021\/12\/image8.jpg 900w, https:\/\/wawkomp.szubin.net\/wp-content\/uploads\/2021\/12\/image8-300x169.jpg 300w, https:\/\/wawkomp.szubin.net\/wp-content\/uploads\/2021\/12\/image8-768x432.jpg 768w\" sizes=\"auto, (max-width: 900px) 100vw, 900px\" \/><\/a><\/figure><\/li><li class=\"blocks-gallery-item\"><figure><a href=\"https:\/\/wawkomp.szubin.net\/?attachment_id=1349\"><img loading=\"lazy\" decoding=\"async\" width=\"900\" height=\"506\" src=\"https:\/\/wawkomp.szubin.net\/wp-content\/uploads\/2021\/12\/image9.jpg\" alt=\"\" data-id=\"1349\" data-full-url=\"https:\/\/wawkomp.szubin.net\/wp-content\/uploads\/2021\/12\/image9.jpg\" data-link=\"https:\/\/wawkomp.szubin.net\/?attachment_id=1349\" class=\"wp-image-1349\" srcset=\"https:\/\/wawkomp.szubin.net\/wp-content\/uploads\/2021\/12\/image9.jpg 900w, https:\/\/wawkomp.szubin.net\/wp-content\/uploads\/2021\/12\/image9-300x169.jpg 300w, https:\/\/wawkomp.szubin.net\/wp-content\/uploads\/2021\/12\/image9-768x432.jpg 768w\" sizes=\"auto, (max-width: 900px) 100vw, 900px\" \/><\/a><\/figure><\/li><li class=\"blocks-gallery-item\"><figure><a href=\"https:\/\/wawkomp.szubin.net\/?attachment_id=1350\"><img loading=\"lazy\" decoding=\"async\" width=\"900\" height=\"506\" src=\"https:\/\/wawkomp.szubin.net\/wp-content\/uploads\/2021\/12\/image10.jpg\" alt=\"\" data-id=\"1350\" data-full-url=\"https:\/\/wawkomp.szubin.net\/wp-content\/uploads\/2021\/12\/image10.jpg\" data-link=\"https:\/\/wawkomp.szubin.net\/?attachment_id=1350\" class=\"wp-image-1350\" srcset=\"https:\/\/wawkomp.szubin.net\/wp-content\/uploads\/2021\/12\/image10.jpg 900w, https:\/\/wawkomp.szubin.net\/wp-content\/uploads\/2021\/12\/image10-300x169.jpg 300w, https:\/\/wawkomp.szubin.net\/wp-content\/uploads\/2021\/12\/image10-768x432.jpg 768w\" sizes=\"auto, (max-width: 900px) 100vw, 900px\" \/><\/a><\/figure><\/li><li class=\"blocks-gallery-item\"><figure><a href=\"https:\/\/wawkomp.szubin.net\/?attachment_id=1351\"><img loading=\"lazy\" decoding=\"async\" width=\"900\" height=\"506\" src=\"https:\/\/wawkomp.szubin.net\/wp-content\/uploads\/2021\/12\/image11.jpg\" alt=\"\" data-id=\"1351\" data-full-url=\"https:\/\/wawkomp.szubin.net\/wp-content\/uploads\/2021\/12\/image11.jpg\" data-link=\"https:\/\/wawkomp.szubin.net\/?attachment_id=1351\" class=\"wp-image-1351\" srcset=\"https:\/\/wawkomp.szubin.net\/wp-content\/uploads\/2021\/12\/image11.jpg 900w, https:\/\/wawkomp.szubin.net\/wp-content\/uploads\/2021\/12\/image11-300x169.jpg 300w, https:\/\/wawkomp.szubin.net\/wp-content\/uploads\/2021\/12\/image11-768x432.jpg 768w\" sizes=\"auto, (max-width: 900px) 100vw, 900px\" \/><\/a><\/figure><\/li><li class=\"blocks-gallery-item\"><figure><a href=\"https:\/\/wawkomp.szubin.net\/?attachment_id=1352\"><img loading=\"lazy\" decoding=\"async\" width=\"900\" height=\"506\" src=\"https:\/\/wawkomp.szubin.net\/wp-content\/uploads\/2021\/12\/image12.jpg\" alt=\"\" data-id=\"1352\" data-full-url=\"https:\/\/wawkomp.szubin.net\/wp-content\/uploads\/2021\/12\/image12.jpg\" data-link=\"https:\/\/wawkomp.szubin.net\/?attachment_id=1352\" class=\"wp-image-1352\" srcset=\"https:\/\/wawkomp.szubin.net\/wp-content\/uploads\/2021\/12\/image12.jpg 900w, https:\/\/wawkomp.szubin.net\/wp-content\/uploads\/2021\/12\/image12-300x169.jpg 300w, https:\/\/wawkomp.szubin.net\/wp-content\/uploads\/2021\/12\/image12-768x432.jpg 768w\" sizes=\"auto, (max-width: 900px) 100vw, 900px\" \/><\/a><\/figure><\/li><li class=\"blocks-gallery-item\"><figure><a href=\"https:\/\/wawkomp.szubin.net\/?attachment_id=1353\"><img loading=\"lazy\" decoding=\"async\" width=\"394\" height=\"700\" src=\"https:\/\/wawkomp.szubin.net\/wp-content\/uploads\/2021\/12\/image13.jpg\" alt=\"\" data-id=\"1353\" data-full-url=\"https:\/\/wawkomp.szubin.net\/wp-content\/uploads\/2021\/12\/image13.jpg\" data-link=\"https:\/\/wawkomp.szubin.net\/?attachment_id=1353\" class=\"wp-image-1353\" srcset=\"https:\/\/wawkomp.szubin.net\/wp-content\/uploads\/2021\/12\/image13.jpg 394w, https:\/\/wawkomp.szubin.net\/wp-content\/uploads\/2021\/12\/image13-169x300.jpg 169w\" sizes=\"auto, (max-width: 394px) 100vw, 394px\" \/><\/a><\/figure><\/li><li class=\"blocks-gallery-item\"><figure><a href=\"https:\/\/wawkomp.szubin.net\/?attachment_id=1354\"><img loading=\"lazy\" decoding=\"async\" width=\"900\" height=\"506\" src=\"https:\/\/wawkomp.szubin.net\/wp-content\/uploads\/2021\/12\/image14.jpg\" alt=\"\" data-id=\"1354\" data-full-url=\"https:\/\/wawkomp.szubin.net\/wp-content\/uploads\/2021\/12\/image14.jpg\" data-link=\"https:\/\/wawkomp.szubin.net\/?attachment_id=1354\" class=\"wp-image-1354\" srcset=\"https:\/\/wawkomp.szubin.net\/wp-content\/uploads\/2021\/12\/image14.jpg 900w, https:\/\/wawkomp.szubin.net\/wp-content\/uploads\/2021\/12\/image14-300x169.jpg 300w, https:\/\/wawkomp.szubin.net\/wp-content\/uploads\/2021\/12\/image14-768x432.jpg 768w\" sizes=\"auto, (max-width: 900px) 100vw, 900px\" \/><\/a><\/figure><\/li><li class=\"blocks-gallery-item\"><figure><a href=\"https:\/\/wawkomp.szubin.net\/?attachment_id=1355\"><img loading=\"lazy\" decoding=\"async\" width=\"394\" height=\"700\" src=\"https:\/\/wawkomp.szubin.net\/wp-content\/uploads\/2021\/12\/image15.jpg\" alt=\"\" data-id=\"1355\" data-full-url=\"https:\/\/wawkomp.szubin.net\/wp-content\/uploads\/2021\/12\/image15.jpg\" data-link=\"https:\/\/wawkomp.szubin.net\/?attachment_id=1355\" class=\"wp-image-1355\" srcset=\"https:\/\/wawkomp.szubin.net\/wp-content\/uploads\/2021\/12\/image15.jpg 394w, https:\/\/wawkomp.szubin.net\/wp-content\/uploads\/2021\/12\/image15-169x300.jpg 169w\" sizes=\"auto, (max-width: 394px) 100vw, 394px\" \/><\/a><\/figure><\/li><li class=\"blocks-gallery-item\"><figure><a href=\"https:\/\/wawkomp.szubin.net\/?attachment_id=1356\"><img loading=\"lazy\" decoding=\"async\" width=\"394\" height=\"700\" src=\"https:\/\/wawkomp.szubin.net\/wp-content\/uploads\/2021\/12\/image16.jpg\" alt=\"\" data-id=\"1356\" data-full-url=\"https:\/\/wawkomp.szubin.net\/wp-content\/uploads\/2021\/12\/image16.jpg\" data-link=\"https:\/\/wawkomp.szubin.net\/?attachment_id=1356\" class=\"wp-image-1356\" srcset=\"https:\/\/wawkomp.szubin.net\/wp-content\/uploads\/2021\/12\/image16.jpg 394w, https:\/\/wawkomp.szubin.net\/wp-content\/uploads\/2021\/12\/image16-169x300.jpg 169w\" sizes=\"auto, (max-width: 394px) 100vw, 394px\" \/><\/a><\/figure><\/li><li class=\"blocks-gallery-item\"><figure><a href=\"https:\/\/wawkomp.szubin.net\/?attachment_id=1357\"><img loading=\"lazy\" decoding=\"async\" width=\"394\" height=\"700\" src=\"https:\/\/wawkomp.szubin.net\/wp-content\/uploads\/2021\/12\/image17.jpg\" alt=\"\" data-id=\"1357\" data-full-url=\"https:\/\/wawkomp.szubin.net\/wp-content\/uploads\/2021\/12\/image17.jpg\" data-link=\"https:\/\/wawkomp.szubin.net\/?attachment_id=1357\" class=\"wp-image-1357\" srcset=\"https:\/\/wawkomp.szubin.net\/wp-content\/uploads\/2021\/12\/image17.jpg 394w, https:\/\/wawkomp.szubin.net\/wp-content\/uploads\/2021\/12\/image17-169x300.jpg 169w\" sizes=\"auto, (max-width: 394px) 100vw, 394px\" \/><\/a><\/figure><\/li><li class=\"blocks-gallery-item\"><figure><a href=\"https:\/\/wawkomp.szubin.net\/?attachment_id=1358\"><img loading=\"lazy\" decoding=\"async\" width=\"394\" height=\"700\" src=\"https:\/\/wawkomp.szubin.net\/wp-content\/uploads\/2021\/12\/image18.jpg\" alt=\"\" data-id=\"1358\" data-full-url=\"https:\/\/wawkomp.szubin.net\/wp-content\/uploads\/2021\/12\/image18.jpg\" data-link=\"https:\/\/wawkomp.szubin.net\/?attachment_id=1358\" class=\"wp-image-1358\" srcset=\"https:\/\/wawkomp.szubin.net\/wp-content\/uploads\/2021\/12\/image18.jpg 394w, https:\/\/wawkomp.szubin.net\/wp-content\/uploads\/2021\/12\/image18-169x300.jpg 169w\" sizes=\"auto, (max-width: 394px) 100vw, 394px\" \/><\/a><\/figure><\/li><li class=\"blocks-gallery-item\"><figure><a href=\"https:\/\/wawkomp.szubin.net\/?attachment_id=1359\"><img loading=\"lazy\" decoding=\"async\" width=\"394\" height=\"700\" src=\"https:\/\/wawkomp.szubin.net\/wp-content\/uploads\/2021\/12\/image19.jpg\" alt=\"\" data-id=\"1359\" data-full-url=\"https:\/\/wawkomp.szubin.net\/wp-content\/uploads\/2021\/12\/image19.jpg\" data-link=\"https:\/\/wawkomp.szubin.net\/?attachment_id=1359\" class=\"wp-image-1359\" srcset=\"https:\/\/wawkomp.szubin.net\/wp-content\/uploads\/2021\/12\/image19.jpg 394w, https:\/\/wawkomp.szubin.net\/wp-content\/uploads\/2021\/12\/image19-169x300.jpg 169w\" sizes=\"auto, (max-width: 394px) 100vw, 394px\" \/><\/a><\/figure><\/li><li class=\"blocks-gallery-item\"><figure><a href=\"https:\/\/wawkomp.szubin.net\/?attachment_id=1360\"><img loading=\"lazy\" decoding=\"async\" width=\"394\" height=\"700\" src=\"https:\/\/wawkomp.szubin.net\/wp-content\/uploads\/2021\/12\/image20.jpg\" alt=\"\" data-id=\"1360\" data-full-url=\"https:\/\/wawkomp.szubin.net\/wp-content\/uploads\/2021\/12\/image20.jpg\" data-link=\"https:\/\/wawkomp.szubin.net\/?attachment_id=1360\" class=\"wp-image-1360\" srcset=\"https:\/\/wawkomp.szubin.net\/wp-content\/uploads\/2021\/12\/image20.jpg 394w, https:\/\/wawkomp.szubin.net\/wp-content\/uploads\/2021\/12\/image20-169x300.jpg 169w\" sizes=\"auto, (max-width: 394px) 100vw, 394px\" \/><\/a><\/figure><\/li><li class=\"blocks-gallery-item\"><figure><a href=\"https:\/\/wawkomp.szubin.net\/?attachment_id=1361\"><img loading=\"lazy\" decoding=\"async\" width=\"394\" height=\"700\" src=\"https:\/\/wawkomp.szubin.net\/wp-content\/uploads\/2021\/12\/image21.jpg\" alt=\"\" data-id=\"1361\" data-full-url=\"https:\/\/wawkomp.szubin.net\/wp-content\/uploads\/2021\/12\/image21.jpg\" data-link=\"https:\/\/wawkomp.szubin.net\/?attachment_id=1361\" class=\"wp-image-1361\" srcset=\"https:\/\/wawkomp.szubin.net\/wp-content\/uploads\/2021\/12\/image21.jpg 394w, https:\/\/wawkomp.szubin.net\/wp-content\/uploads\/2021\/12\/image21-169x300.jpg 169w\" sizes=\"auto, (max-width: 394px) 100vw, 394px\" \/><\/a><\/figure><\/li><li class=\"blocks-gallery-item\"><figure><a href=\"https:\/\/wawkomp.szubin.net\/?attachment_id=1362\"><img loading=\"lazy\" decoding=\"async\" width=\"394\" height=\"700\" src=\"https:\/\/wawkomp.szubin.net\/wp-content\/uploads\/2021\/12\/image22.jpg\" alt=\"\" data-id=\"1362\" data-full-url=\"https:\/\/wawkomp.szubin.net\/wp-content\/uploads\/2021\/12\/image22.jpg\" data-link=\"https:\/\/wawkomp.szubin.net\/?attachment_id=1362\" class=\"wp-image-1362\" srcset=\"https:\/\/wawkomp.szubin.net\/wp-content\/uploads\/2021\/12\/image22.jpg 394w, https:\/\/wawkomp.szubin.net\/wp-content\/uploads\/2021\/12\/image22-169x300.jpg 169w\" sizes=\"auto, (max-width: 394px) 100vw, 394px\" \/><\/a><\/figure><\/li><li class=\"blocks-gallery-item\"><figure><a href=\"https:\/\/wawkomp.szubin.net\/?attachment_id=1363\"><img loading=\"lazy\" decoding=\"async\" width=\"394\" height=\"700\" src=\"https:\/\/wawkomp.szubin.net\/wp-content\/uploads\/2021\/12\/image23.jpg\" alt=\"\" data-id=\"1363\" data-full-url=\"https:\/\/wawkomp.szubin.net\/wp-content\/uploads\/2021\/12\/image23.jpg\" data-link=\"https:\/\/wawkomp.szubin.net\/?attachment_id=1363\" class=\"wp-image-1363\" srcset=\"https:\/\/wawkomp.szubin.net\/wp-content\/uploads\/2021\/12\/image23.jpg 394w, https:\/\/wawkomp.szubin.net\/wp-content\/uploads\/2021\/12\/image23-169x300.jpg 169w\" sizes=\"auto, (max-width: 394px) 100vw, 394px\" \/><\/a><\/figure><\/li><li class=\"blocks-gallery-item\"><figure><a href=\"https:\/\/wawkomp.szubin.net\/?attachment_id=1364\"><img loading=\"lazy\" decoding=\"async\" width=\"394\" height=\"700\" src=\"https:\/\/wawkomp.szubin.net\/wp-content\/uploads\/2021\/12\/image24.jpg\" alt=\"\" data-id=\"1364\" data-full-url=\"https:\/\/wawkomp.szubin.net\/wp-content\/uploads\/2021\/12\/image24.jpg\" data-link=\"https:\/\/wawkomp.szubin.net\/?attachment_id=1364\" class=\"wp-image-1364\" srcset=\"https:\/\/wawkomp.szubin.net\/wp-content\/uploads\/2021\/12\/image24.jpg 394w, https:\/\/wawkomp.szubin.net\/wp-content\/uploads\/2021\/12\/image24-169x300.jpg 169w\" sizes=\"auto, (max-width: 394px) 100vw, 394px\" \/><\/a><\/figure><\/li><li class=\"blocks-gallery-item\"><figure><a href=\"https:\/\/wawkomp.szubin.net\/?attachment_id=1365\"><img loading=\"lazy\" decoding=\"async\" width=\"394\" height=\"700\" src=\"https:\/\/wawkomp.szubin.net\/wp-content\/uploads\/2021\/12\/image25.jpg\" alt=\"\" data-id=\"1365\" data-full-url=\"https:\/\/wawkomp.szubin.net\/wp-content\/uploads\/2021\/12\/image25.jpg\" data-link=\"https:\/\/wawkomp.szubin.net\/?attachment_id=1365\" class=\"wp-image-1365\" srcset=\"https:\/\/wawkomp.szubin.net\/wp-content\/uploads\/2021\/12\/image25.jpg 394w, https:\/\/wawkomp.szubin.net\/wp-content\/uploads\/2021\/12\/image25-169x300.jpg 169w\" sizes=\"auto, (max-width: 394px) 100vw, 394px\" \/><\/a><\/figure><\/li><li class=\"blocks-gallery-item\"><figure><a href=\"https:\/\/wawkomp.szubin.net\/?attachment_id=1366\"><img loading=\"lazy\" decoding=\"async\" width=\"900\" height=\"506\" src=\"https:\/\/wawkomp.szubin.net\/wp-content\/uploads\/2021\/12\/image26.jpg\" alt=\"\" data-id=\"1366\" data-full-url=\"https:\/\/wawkomp.szubin.net\/wp-content\/uploads\/2021\/12\/image26.jpg\" data-link=\"https:\/\/wawkomp.szubin.net\/?attachment_id=1366\" class=\"wp-image-1366\" srcset=\"https:\/\/wawkomp.szubin.net\/wp-content\/uploads\/2021\/12\/image26.jpg 900w, https:\/\/wawkomp.szubin.net\/wp-content\/uploads\/2021\/12\/image26-300x169.jpg 300w, https:\/\/wawkomp.szubin.net\/wp-content\/uploads\/2021\/12\/image26-768x432.jpg 768w\" sizes=\"auto, (max-width: 900px) 100vw, 900px\" \/><\/a><\/figure><\/li><\/ul><\/figure>\n","protected":false},"excerpt":{"rendered":"<p>W lipcu przyst\u0105pili\u015bmy r\u00f3wnie\u017c do remontu, przygotowania pomieszczenia magazynu.<\/p>\n","protected":false},"author":1,"featured_media":0,"parent":0,"menu_order":0,"comment_status":"closed","ping_status":"closed","template":"","meta":{"footnotes":""},"class_list":["post-1340","page","type-page","status-publish","hentry"],"_links":{"self":[{"href":"https:\/\/wawkomp.szubin.net\/index.php?rest_route=\/wp\/v2\/pages\/1340","targetHints":{"allow":["GET"]}}],"collection":[{"href":"https:\/\/wawkomp.szubin.net\/index.php?rest_route=\/wp\/v2\/pages"}],"about":[{"href":"https:\/\/wawkomp.szubin.net\/index.php?rest_route=\/wp\/v2\/types\/page"}],"author":[{"embeddable":true,"href":"https:\/\/wawkomp.szubin.net\/index.php?rest_route=\/wp\/v2\/users\/1"}],"replies":[{"embeddable":true,"href":"https:\/\/wawkomp.szubin.net\/index.php?rest_route=%2Fwp%2Fv2%2Fcomments&post=1340"}],"version-history":[{"count":1,"href":"https:\/\/wawkomp.szubin.net\/index.php?rest_route=\/wp\/v2\/pages\/1340\/revisions"}],"predecessor-version":[{"id":1367,"href":"https:\/\/wawkomp.szubin.net\/index.php?rest_route=\/wp\/v2\/pages\/1340\/revisions\/1367"}],"wp:attachment":[{"href":"https:\/\/wawkomp.szubin.net\/index.php?rest_route=%2Fwp%2Fv2%2Fmedia&parent=1340"}],"curies":[{"name":"wp","href":"https:\/\/api.w.org\/{rel}","templated":true}]}}