{"id":1373,"date":"2021-12-14T17:21:05","date_gmt":"2021-12-14T17:21:05","guid":{"rendered":"https:\/\/wawkomp.szubin.net\/?page_id=1373"},"modified":"2021-12-14T18:18:01","modified_gmt":"2021-12-14T18:18:01","slug":"powrot-paczkomatu-inpost-18-sierpnia-2021","status":"publish","type":"page","link":"https:\/\/wawkomp.szubin.net\/?page_id=1373","title":{"rendered":"Powr\u00f3t paczkomatu InPost &#8211; 18 sierpnia 2021"},"content":{"rendered":"\n<p>18 sierpnia 2021 roku ko\u0142o naszej firmy ponownie stan\u0105\u0142 nowoczesny paczkomat InPostu na <a href=\"https:\/\/wawkomp.szubin.net\/?page_id=1332\" data-type=\"page\" data-id=\"1332\">wcze\u015bniej przygotowan\u0105 nawierzchni\u0119 brukow\u0105<\/a>. Wcze\u015bniejszy paczkomat zosta\u0142 przeniesiony ko\u0142o marketu Netto w Szubinie.<\/p>\n\n\n\n<figure class=\"wp-block-gallery columns-6 is-cropped wp-block-gallery-1 is-layout-flex wp-block-gallery-is-layout-flex\"><ul class=\"blocks-gallery-grid\"><li class=\"blocks-gallery-item\"><figure><a href=\"https:\/\/wawkomp.szubin.net\/?attachment_id=1377\"><img loading=\"lazy\" decoding=\"async\" width=\"394\" height=\"700\" src=\"https:\/\/wawkomp.szubin.net\/wp-content\/uploads\/2021\/12\/image1-2.jpg\" alt=\"\" data-id=\"1377\" data-full-url=\"https:\/\/wawkomp.szubin.net\/wp-content\/uploads\/2021\/12\/image1-2.jpg\" data-link=\"https:\/\/wawkomp.szubin.net\/?attachment_id=1377\" class=\"wp-image-1377\" srcset=\"https:\/\/wawkomp.szubin.net\/wp-content\/uploads\/2021\/12\/image1-2.jpg 394w, https:\/\/wawkomp.szubin.net\/wp-content\/uploads\/2021\/12\/image1-2-169x300.jpg 169w\" sizes=\"auto, (max-width: 394px) 100vw, 394px\" \/><\/a><\/figure><\/li><li class=\"blocks-gallery-item\"><figure><a href=\"https:\/\/wawkomp.szubin.net\/?attachment_id=1378\"><img loading=\"lazy\" decoding=\"async\" width=\"394\" height=\"700\" src=\"https:\/\/wawkomp.szubin.net\/wp-content\/uploads\/2021\/12\/image2-2.jpg\" alt=\"\" data-id=\"1378\" data-full-url=\"https:\/\/wawkomp.szubin.net\/wp-content\/uploads\/2021\/12\/image2-2.jpg\" data-link=\"https:\/\/wawkomp.szubin.net\/?attachment_id=1378\" class=\"wp-image-1378\" srcset=\"https:\/\/wawkomp.szubin.net\/wp-content\/uploads\/2021\/12\/image2-2.jpg 394w, https:\/\/wawkomp.szubin.net\/wp-content\/uploads\/2021\/12\/image2-2-169x300.jpg 169w\" sizes=\"auto, (max-width: 394px) 100vw, 394px\" \/><\/a><\/figure><\/li><li class=\"blocks-gallery-item\"><figure><a href=\"https:\/\/wawkomp.szubin.net\/?attachment_id=1379\"><img loading=\"lazy\" decoding=\"async\" width=\"900\" height=\"506\" src=\"https:\/\/wawkomp.szubin.net\/wp-content\/uploads\/2021\/12\/image3-2.jpg\" alt=\"\" data-id=\"1379\" data-full-url=\"https:\/\/wawkomp.szubin.net\/wp-content\/uploads\/2021\/12\/image3-2.jpg\" data-link=\"https:\/\/wawkomp.szubin.net\/?attachment_id=1379\" class=\"wp-image-1379\" srcset=\"https:\/\/wawkomp.szubin.net\/wp-content\/uploads\/2021\/12\/image3-2.jpg 900w, https:\/\/wawkomp.szubin.net\/wp-content\/uploads\/2021\/12\/image3-2-300x169.jpg 300w, https:\/\/wawkomp.szubin.net\/wp-content\/uploads\/2021\/12\/image3-2-768x432.jpg 768w\" sizes=\"auto, (max-width: 900px) 100vw, 900px\" \/><\/a><\/figure><\/li><li class=\"blocks-gallery-item\"><figure><a href=\"https:\/\/wawkomp.szubin.net\/?attachment_id=1380\"><img loading=\"lazy\" decoding=\"async\" width=\"394\" height=\"700\" src=\"https:\/\/wawkomp.szubin.net\/wp-content\/uploads\/2021\/12\/image4-1.jpg\" alt=\"\" data-id=\"1380\" data-full-url=\"https:\/\/wawkomp.szubin.net\/wp-content\/uploads\/2021\/12\/image4-1.jpg\" data-link=\"https:\/\/wawkomp.szubin.net\/?attachment_id=1380\" class=\"wp-image-1380\" srcset=\"https:\/\/wawkomp.szubin.net\/wp-content\/uploads\/2021\/12\/image4-1.jpg 394w, https:\/\/wawkomp.szubin.net\/wp-content\/uploads\/2021\/12\/image4-1-169x300.jpg 169w\" sizes=\"auto, (max-width: 394px) 100vw, 394px\" \/><\/a><\/figure><\/li><li class=\"blocks-gallery-item\"><figure><a href=\"https:\/\/wawkomp.szubin.net\/?attachment_id=1381\"><img loading=\"lazy\" decoding=\"async\" width=\"394\" height=\"700\" src=\"https:\/\/wawkomp.szubin.net\/wp-content\/uploads\/2021\/12\/image5-1.jpg\" alt=\"\" data-id=\"1381\" data-full-url=\"https:\/\/wawkomp.szubin.net\/wp-content\/uploads\/2021\/12\/image5-1.jpg\" data-link=\"https:\/\/wawkomp.szubin.net\/?attachment_id=1381\" class=\"wp-image-1381\" srcset=\"https:\/\/wawkomp.szubin.net\/wp-content\/uploads\/2021\/12\/image5-1.jpg 394w, https:\/\/wawkomp.szubin.net\/wp-content\/uploads\/2021\/12\/image5-1-169x300.jpg 169w\" sizes=\"auto, (max-width: 394px) 100vw, 394px\" \/><\/a><\/figure><\/li><li class=\"blocks-gallery-item\"><figure><a href=\"https:\/\/wawkomp.szubin.net\/?attachment_id=1382\"><img loading=\"lazy\" decoding=\"async\" width=\"394\" height=\"700\" src=\"https:\/\/wawkomp.szubin.net\/wp-content\/uploads\/2021\/12\/image6-1.jpg\" alt=\"\" data-id=\"1382\" data-full-url=\"https:\/\/wawkomp.szubin.net\/wp-content\/uploads\/2021\/12\/image6-1.jpg\" data-link=\"https:\/\/wawkomp.szubin.net\/?attachment_id=1382\" class=\"wp-image-1382\" srcset=\"https:\/\/wawkomp.szubin.net\/wp-content\/uploads\/2021\/12\/image6-1.jpg 394w, https:\/\/wawkomp.szubin.net\/wp-content\/uploads\/2021\/12\/image6-1-169x300.jpg 169w\" sizes=\"auto, (max-width: 394px) 100vw, 394px\" \/><\/a><\/figure><\/li><li class=\"blocks-gallery-item\"><figure><a href=\"https:\/\/wawkomp.szubin.net\/?attachment_id=1383\"><img loading=\"lazy\" decoding=\"async\" width=\"394\" height=\"700\" src=\"https:\/\/wawkomp.szubin.net\/wp-content\/uploads\/2021\/12\/image7-1.jpg\" alt=\"\" data-id=\"1383\" data-full-url=\"https:\/\/wawkomp.szubin.net\/wp-content\/uploads\/2021\/12\/image7-1.jpg\" data-link=\"https:\/\/wawkomp.szubin.net\/?attachment_id=1383\" class=\"wp-image-1383\" srcset=\"https:\/\/wawkomp.szubin.net\/wp-content\/uploads\/2021\/12\/image7-1.jpg 394w, https:\/\/wawkomp.szubin.net\/wp-content\/uploads\/2021\/12\/image7-1-169x300.jpg 169w\" sizes=\"auto, (max-width: 394px) 100vw, 394px\" \/><\/a><\/figure><\/li><li class=\"blocks-gallery-item\"><figure><a href=\"https:\/\/wawkomp.szubin.net\/?attachment_id=1384\"><img loading=\"lazy\" decoding=\"async\" width=\"394\" height=\"700\" src=\"https:\/\/wawkomp.szubin.net\/wp-content\/uploads\/2021\/12\/image8-1.jpg\" alt=\"\" data-id=\"1384\" data-full-url=\"https:\/\/wawkomp.szubin.net\/wp-content\/uploads\/2021\/12\/image8-1.jpg\" data-link=\"https:\/\/wawkomp.szubin.net\/?attachment_id=1384\" class=\"wp-image-1384\" srcset=\"https:\/\/wawkomp.szubin.net\/wp-content\/uploads\/2021\/12\/image8-1.jpg 394w, https:\/\/wawkomp.szubin.net\/wp-content\/uploads\/2021\/12\/image8-1-169x300.jpg 169w\" sizes=\"auto, (max-width: 394px) 100vw, 394px\" \/><\/a><\/figure><\/li><li class=\"blocks-gallery-item\"><figure><a href=\"https:\/\/wawkomp.szubin.net\/?attachment_id=1385\"><img loading=\"lazy\" decoding=\"async\" width=\"900\" height=\"506\" src=\"https:\/\/wawkomp.szubin.net\/wp-content\/uploads\/2021\/12\/image9-1.jpg\" alt=\"\" data-id=\"1385\" data-full-url=\"https:\/\/wawkomp.szubin.net\/wp-content\/uploads\/2021\/12\/image9-1.jpg\" data-link=\"https:\/\/wawkomp.szubin.net\/?attachment_id=1385\" class=\"wp-image-1385\" srcset=\"https:\/\/wawkomp.szubin.net\/wp-content\/uploads\/2021\/12\/image9-1.jpg 900w, https:\/\/wawkomp.szubin.net\/wp-content\/uploads\/2021\/12\/image9-1-300x169.jpg 300w, https:\/\/wawkomp.szubin.net\/wp-content\/uploads\/2021\/12\/image9-1-768x432.jpg 768w\" sizes=\"auto, (max-width: 900px) 100vw, 900px\" \/><\/a><\/figure><\/li><li class=\"blocks-gallery-item\"><figure><a href=\"https:\/\/wawkomp.szubin.net\/?attachment_id=1386\"><img loading=\"lazy\" decoding=\"async\" width=\"900\" height=\"506\" src=\"https:\/\/wawkomp.szubin.net\/wp-content\/uploads\/2021\/12\/image10-1.jpg\" alt=\"\" data-id=\"1386\" data-full-url=\"https:\/\/wawkomp.szubin.net\/wp-content\/uploads\/2021\/12\/image10-1.jpg\" data-link=\"https:\/\/wawkomp.szubin.net\/?attachment_id=1386\" class=\"wp-image-1386\" srcset=\"https:\/\/wawkomp.szubin.net\/wp-content\/uploads\/2021\/12\/image10-1.jpg 900w, https:\/\/wawkomp.szubin.net\/wp-content\/uploads\/2021\/12\/image10-1-300x169.jpg 300w, https:\/\/wawkomp.szubin.net\/wp-content\/uploads\/2021\/12\/image10-1-768x432.jpg 768w\" sizes=\"auto, (max-width: 900px) 100vw, 900px\" \/><\/a><\/figure><\/li><li class=\"blocks-gallery-item\"><figure><a href=\"https:\/\/wawkomp.szubin.net\/?attachment_id=1387\"><img loading=\"lazy\" decoding=\"async\" width=\"394\" height=\"700\" src=\"https:\/\/wawkomp.szubin.net\/wp-content\/uploads\/2021\/12\/image11-1.jpg\" alt=\"\" data-id=\"1387\" data-full-url=\"https:\/\/wawkomp.szubin.net\/wp-content\/uploads\/2021\/12\/image11-1.jpg\" data-link=\"https:\/\/wawkomp.szubin.net\/?attachment_id=1387\" class=\"wp-image-1387\" srcset=\"https:\/\/wawkomp.szubin.net\/wp-content\/uploads\/2021\/12\/image11-1.jpg 394w, https:\/\/wawkomp.szubin.net\/wp-content\/uploads\/2021\/12\/image11-1-169x300.jpg 169w\" sizes=\"auto, (max-width: 394px) 100vw, 394px\" \/><\/a><\/figure><\/li><li class=\"blocks-gallery-item\"><figure><a href=\"https:\/\/wawkomp.szubin.net\/?attachment_id=1388\"><img loading=\"lazy\" decoding=\"async\" width=\"394\" height=\"700\" src=\"https:\/\/wawkomp.szubin.net\/wp-content\/uploads\/2021\/12\/image12-1.jpg\" alt=\"\" data-id=\"1388\" data-full-url=\"https:\/\/wawkomp.szubin.net\/wp-content\/uploads\/2021\/12\/image12-1.jpg\" data-link=\"https:\/\/wawkomp.szubin.net\/?attachment_id=1388\" class=\"wp-image-1388\" srcset=\"https:\/\/wawkomp.szubin.net\/wp-content\/uploads\/2021\/12\/image12-1.jpg 394w, https:\/\/wawkomp.szubin.net\/wp-content\/uploads\/2021\/12\/image12-1-169x300.jpg 169w\" sizes=\"auto, (max-width: 394px) 100vw, 394px\" \/><\/a><\/figure><\/li><li class=\"blocks-gallery-item\"><figure><a href=\"https:\/\/wawkomp.szubin.net\/?attachment_id=1389\"><img loading=\"lazy\" decoding=\"async\" width=\"900\" height=\"506\" src=\"https:\/\/wawkomp.szubin.net\/wp-content\/uploads\/2021\/12\/image13-1.jpg\" alt=\"\" data-id=\"1389\" data-full-url=\"https:\/\/wawkomp.szubin.net\/wp-content\/uploads\/2021\/12\/image13-1.jpg\" data-link=\"https:\/\/wawkomp.szubin.net\/?attachment_id=1389\" class=\"wp-image-1389\" srcset=\"https:\/\/wawkomp.szubin.net\/wp-content\/uploads\/2021\/12\/image13-1.jpg 900w, https:\/\/wawkomp.szubin.net\/wp-content\/uploads\/2021\/12\/image13-1-300x169.jpg 300w, https:\/\/wawkomp.szubin.net\/wp-content\/uploads\/2021\/12\/image13-1-768x432.jpg 768w\" sizes=\"auto, (max-width: 900px) 100vw, 900px\" \/><\/a><\/figure><\/li><li class=\"blocks-gallery-item\"><figure><a href=\"https:\/\/wawkomp.szubin.net\/?attachment_id=1390\"><img loading=\"lazy\" decoding=\"async\" width=\"900\" height=\"506\" src=\"https:\/\/wawkomp.szubin.net\/wp-content\/uploads\/2021\/12\/image14-1.jpg\" alt=\"\" data-id=\"1390\" data-full-url=\"https:\/\/wawkomp.szubin.net\/wp-content\/uploads\/2021\/12\/image14-1.jpg\" data-link=\"https:\/\/wawkomp.szubin.net\/?attachment_id=1390\" class=\"wp-image-1390\" srcset=\"https:\/\/wawkomp.szubin.net\/wp-content\/uploads\/2021\/12\/image14-1.jpg 900w, https:\/\/wawkomp.szubin.net\/wp-content\/uploads\/2021\/12\/image14-1-300x169.jpg 300w, https:\/\/wawkomp.szubin.net\/wp-content\/uploads\/2021\/12\/image14-1-768x432.jpg 768w\" sizes=\"auto, (max-width: 900px) 100vw, 900px\" \/><\/a><\/figure><\/li><li class=\"blocks-gallery-item\"><figure><a href=\"https:\/\/wawkomp.szubin.net\/?attachment_id=1391\"><img loading=\"lazy\" decoding=\"async\" width=\"900\" height=\"506\" src=\"https:\/\/wawkomp.szubin.net\/wp-content\/uploads\/2021\/12\/image15-1.jpg\" alt=\"\" data-id=\"1391\" data-full-url=\"https:\/\/wawkomp.szubin.net\/wp-content\/uploads\/2021\/12\/image15-1.jpg\" data-link=\"https:\/\/wawkomp.szubin.net\/?attachment_id=1391\" class=\"wp-image-1391\" srcset=\"https:\/\/wawkomp.szubin.net\/wp-content\/uploads\/2021\/12\/image15-1.jpg 900w, https:\/\/wawkomp.szubin.net\/wp-content\/uploads\/2021\/12\/image15-1-300x169.jpg 300w, https:\/\/wawkomp.szubin.net\/wp-content\/uploads\/2021\/12\/image15-1-768x432.jpg 768w\" sizes=\"auto, (max-width: 900px) 100vw, 900px\" \/><\/a><\/figure><\/li><li class=\"blocks-gallery-item\"><figure><a href=\"https:\/\/wawkomp.szubin.net\/?attachment_id=1392\"><img loading=\"lazy\" decoding=\"async\" width=\"900\" height=\"506\" src=\"https:\/\/wawkomp.szubin.net\/wp-content\/uploads\/2021\/12\/image16-1.jpg\" alt=\"\" data-id=\"1392\" data-full-url=\"https:\/\/wawkomp.szubin.net\/wp-content\/uploads\/2021\/12\/image16-1.jpg\" data-link=\"https:\/\/wawkomp.szubin.net\/?attachment_id=1392\" class=\"wp-image-1392\" srcset=\"https:\/\/wawkomp.szubin.net\/wp-content\/uploads\/2021\/12\/image16-1.jpg 900w, https:\/\/wawkomp.szubin.net\/wp-content\/uploads\/2021\/12\/image16-1-300x169.jpg 300w, https:\/\/wawkomp.szubin.net\/wp-content\/uploads\/2021\/12\/image16-1-768x432.jpg 768w\" sizes=\"auto, (max-width: 900px) 100vw, 900px\" \/><\/a><\/figure><\/li><li class=\"blocks-gallery-item\"><figure><a href=\"https:\/\/wawkomp.szubin.net\/?attachment_id=1393\"><img loading=\"lazy\" decoding=\"async\" width=\"900\" height=\"506\" src=\"https:\/\/wawkomp.szubin.net\/wp-content\/uploads\/2021\/12\/image17-1.jpg\" alt=\"\" data-id=\"1393\" data-full-url=\"https:\/\/wawkomp.szubin.net\/wp-content\/uploads\/2021\/12\/image17-1.jpg\" data-link=\"https:\/\/wawkomp.szubin.net\/?attachment_id=1393\" class=\"wp-image-1393\" srcset=\"https:\/\/wawkomp.szubin.net\/wp-content\/uploads\/2021\/12\/image17-1.jpg 900w, https:\/\/wawkomp.szubin.net\/wp-content\/uploads\/2021\/12\/image17-1-300x169.jpg 300w, https:\/\/wawkomp.szubin.net\/wp-content\/uploads\/2021\/12\/image17-1-768x432.jpg 768w\" sizes=\"auto, (max-width: 900px) 100vw, 900px\" \/><\/a><\/figure><\/li><\/ul><\/figure>\n","protected":false},"excerpt":{"rendered":"<p>18 sierpnia 2021 roku ko\u0142o naszej firmy ponownie stan\u0105\u0142 nowoczesny paczkomat InPostu na wcze\u015bniej przygotowan\u0105 nawierzchni\u0119 brukow\u0105. Wcze\u015bniejszy paczkomat zosta\u0142 przeniesiony ko\u0142o marketu Netto w Szubinie.<\/p>\n","protected":false},"author":1,"featured_media":0,"parent":0,"menu_order":0,"comment_status":"closed","ping_status":"closed","template":"","meta":{"footnotes":""},"class_list":["post-1373","page","type-page","status-publish","hentry"],"_links":{"self":[{"href":"https:\/\/wawkomp.szubin.net\/index.php?rest_route=\/wp\/v2\/pages\/1373","targetHints":{"allow":["GET"]}}],"collection":[{"href":"https:\/\/wawkomp.szubin.net\/index.php?rest_route=\/wp\/v2\/pages"}],"about":[{"href":"https:\/\/wawkomp.szubin.net\/index.php?rest_route=\/wp\/v2\/types\/page"}],"author":[{"embeddable":true,"href":"https:\/\/wawkomp.szubin.net\/index.php?rest_route=\/wp\/v2\/users\/1"}],"replies":[{"embeddable":true,"href":"https:\/\/wawkomp.szubin.net\/index.php?rest_route=%2Fwp%2Fv2%2Fcomments&post=1373"}],"version-history":[{"count":6,"href":"https:\/\/wawkomp.szubin.net\/index.php?rest_route=\/wp\/v2\/pages\/1373\/revisions"}],"predecessor-version":[{"id":1434,"href":"https:\/\/wawkomp.szubin.net\/index.php?rest_route=\/wp\/v2\/pages\/1373\/revisions\/1434"}],"wp:attachment":[{"href":"https:\/\/wawkomp.szubin.net\/index.php?rest_route=%2Fwp%2Fv2%2Fmedia&parent=1373"}],"curies":[{"name":"wp","href":"https:\/\/api.w.org\/{rel}","templated":true}]}}