{"id":1406,"date":"2021-12-14T17:33:43","date_gmt":"2021-12-14T17:33:43","guid":{"rendered":"https:\/\/wawkomp.szubin.net\/?page_id=1406"},"modified":"2021-12-14T17:50:22","modified_gmt":"2021-12-14T17:50:22","slug":"nowa-szata-graficzna-reklam-firmy-sierpien-2021","status":"publish","type":"page","link":"https:\/\/wawkomp.szubin.net\/?page_id=1406","title":{"rendered":"Nowa szata graficzna reklam firmy &#8211; sierpie\u0144 2021"},"content":{"rendered":"\n<p>W sierpniu 2021 roku przygotowali\u015bmy now\u0105 szat\u0119 graficzn\u0105 reklam firmy oraz od\u015bwie\u017cyli\u015bmy elewacj\u0119.<\/p>\n\n\n\n<figure class=\"wp-block-gallery columns-3 is-cropped wp-block-gallery-1 is-layout-flex wp-block-gallery-is-layout-flex\"><ul class=\"blocks-gallery-grid\"><li class=\"blocks-gallery-item\"><figure><a href=\"https:\/\/wawkomp.szubin.net\/?attachment_id=1407\"><img loading=\"lazy\" decoding=\"async\" width=\"900\" height=\"506\" src=\"https:\/\/wawkomp.szubin.net\/wp-content\/uploads\/2021\/12\/image5-3.jpg\" alt=\"\" data-id=\"1407\" data-link=\"https:\/\/wawkomp.szubin.net\/?attachment_id=1407\" class=\"wp-image-1407\" srcset=\"https:\/\/wawkomp.szubin.net\/wp-content\/uploads\/2021\/12\/image5-3.jpg 900w, https:\/\/wawkomp.szubin.net\/wp-content\/uploads\/2021\/12\/image5-3-300x169.jpg 300w, https:\/\/wawkomp.szubin.net\/wp-content\/uploads\/2021\/12\/image5-3-768x432.jpg 768w\" sizes=\"auto, (max-width: 900px) 100vw, 900px\" \/><\/a><\/figure><\/li><li class=\"blocks-gallery-item\"><figure><a href=\"https:\/\/wawkomp.szubin.net\/?attachment_id=1408\"><img loading=\"lazy\" decoding=\"async\" width=\"900\" height=\"506\" src=\"https:\/\/wawkomp.szubin.net\/wp-content\/uploads\/2021\/12\/image6-3.jpg\" alt=\"\" data-id=\"1408\" data-link=\"https:\/\/wawkomp.szubin.net\/?attachment_id=1408\" class=\"wp-image-1408\" srcset=\"https:\/\/wawkomp.szubin.net\/wp-content\/uploads\/2021\/12\/image6-3.jpg 900w, https:\/\/wawkomp.szubin.net\/wp-content\/uploads\/2021\/12\/image6-3-300x169.jpg 300w, https:\/\/wawkomp.szubin.net\/wp-content\/uploads\/2021\/12\/image6-3-768x432.jpg 768w\" sizes=\"auto, (max-width: 900px) 100vw, 900px\" \/><\/a><\/figure><\/li><li class=\"blocks-gallery-item\"><figure><a href=\"https:\/\/wawkomp.szubin.net\/?attachment_id=1409\"><img loading=\"lazy\" decoding=\"async\" width=\"900\" height=\"506\" src=\"https:\/\/wawkomp.szubin.net\/wp-content\/uploads\/2021\/12\/image7-3.jpg\" alt=\"\" data-id=\"1409\" data-link=\"https:\/\/wawkomp.szubin.net\/?attachment_id=1409\" class=\"wp-image-1409\" srcset=\"https:\/\/wawkomp.szubin.net\/wp-content\/uploads\/2021\/12\/image7-3.jpg 900w, https:\/\/wawkomp.szubin.net\/wp-content\/uploads\/2021\/12\/image7-3-300x169.jpg 300w, https:\/\/wawkomp.szubin.net\/wp-content\/uploads\/2021\/12\/image7-3-768x432.jpg 768w\" sizes=\"auto, (max-width: 900px) 100vw, 900px\" \/><\/a><\/figure><\/li><li class=\"blocks-gallery-item\"><figure><a href=\"https:\/\/wawkomp.szubin.net\/?attachment_id=1410\"><img loading=\"lazy\" decoding=\"async\" width=\"900\" height=\"506\" src=\"https:\/\/wawkomp.szubin.net\/wp-content\/uploads\/2021\/12\/image8-3.jpg\" alt=\"\" data-id=\"1410\" data-link=\"https:\/\/wawkomp.szubin.net\/?attachment_id=1410\" class=\"wp-image-1410\" srcset=\"https:\/\/wawkomp.szubin.net\/wp-content\/uploads\/2021\/12\/image8-3.jpg 900w, https:\/\/wawkomp.szubin.net\/wp-content\/uploads\/2021\/12\/image8-3-300x169.jpg 300w, https:\/\/wawkomp.szubin.net\/wp-content\/uploads\/2021\/12\/image8-3-768x432.jpg 768w\" sizes=\"auto, (max-width: 900px) 100vw, 900px\" \/><\/a><\/figure><\/li><li class=\"blocks-gallery-item\"><figure><a href=\"https:\/\/wawkomp.szubin.net\/?attachment_id=1413\"><img loading=\"lazy\" decoding=\"async\" width=\"900\" height=\"506\" src=\"https:\/\/wawkomp.szubin.net\/wp-content\/uploads\/2021\/12\/image1-4.jpg\" alt=\"\" data-id=\"1413\" data-link=\"https:\/\/wawkomp.szubin.net\/?attachment_id=1413\" class=\"wp-image-1413\" srcset=\"https:\/\/wawkomp.szubin.net\/wp-content\/uploads\/2021\/12\/image1-4.jpg 900w, https:\/\/wawkomp.szubin.net\/wp-content\/uploads\/2021\/12\/image1-4-300x169.jpg 300w, https:\/\/wawkomp.szubin.net\/wp-content\/uploads\/2021\/12\/image1-4-768x432.jpg 768w\" sizes=\"auto, (max-width: 900px) 100vw, 900px\" \/><\/a><\/figure><\/li><li class=\"blocks-gallery-item\"><figure><a href=\"https:\/\/wawkomp.szubin.net\/?attachment_id=1414\"><img loading=\"lazy\" decoding=\"async\" width=\"900\" height=\"506\" src=\"https:\/\/wawkomp.szubin.net\/wp-content\/uploads\/2021\/12\/image2-4.jpg\" alt=\"\" data-id=\"1414\" data-link=\"https:\/\/wawkomp.szubin.net\/?attachment_id=1414\" class=\"wp-image-1414\" srcset=\"https:\/\/wawkomp.szubin.net\/wp-content\/uploads\/2021\/12\/image2-4.jpg 900w, https:\/\/wawkomp.szubin.net\/wp-content\/uploads\/2021\/12\/image2-4-300x169.jpg 300w, https:\/\/wawkomp.szubin.net\/wp-content\/uploads\/2021\/12\/image2-4-768x432.jpg 768w\" sizes=\"auto, (max-width: 900px) 100vw, 900px\" \/><\/a><\/figure><\/li><li class=\"blocks-gallery-item\"><figure><a href=\"https:\/\/wawkomp.szubin.net\/?attachment_id=1415\"><img loading=\"lazy\" decoding=\"async\" width=\"900\" height=\"506\" src=\"https:\/\/wawkomp.szubin.net\/wp-content\/uploads\/2021\/12\/image3-4.jpg\" alt=\"\" data-id=\"1415\" data-link=\"https:\/\/wawkomp.szubin.net\/?attachment_id=1415\" class=\"wp-image-1415\" srcset=\"https:\/\/wawkomp.szubin.net\/wp-content\/uploads\/2021\/12\/image3-4.jpg 900w, https:\/\/wawkomp.szubin.net\/wp-content\/uploads\/2021\/12\/image3-4-300x169.jpg 300w, https:\/\/wawkomp.szubin.net\/wp-content\/uploads\/2021\/12\/image3-4-768x432.jpg 768w\" sizes=\"auto, (max-width: 900px) 100vw, 900px\" \/><\/a><\/figure><\/li><li class=\"blocks-gallery-item\"><figure><a href=\"https:\/\/wawkomp.szubin.net\/?attachment_id=1416\"><img loading=\"lazy\" decoding=\"async\" width=\"900\" height=\"506\" src=\"https:\/\/wawkomp.szubin.net\/wp-content\/uploads\/2021\/12\/image4-3.jpg\" alt=\"\" data-id=\"1416\" data-link=\"https:\/\/wawkomp.szubin.net\/?attachment_id=1416\" class=\"wp-image-1416\" srcset=\"https:\/\/wawkomp.szubin.net\/wp-content\/uploads\/2021\/12\/image4-3.jpg 900w, https:\/\/wawkomp.szubin.net\/wp-content\/uploads\/2021\/12\/image4-3-300x169.jpg 300w, https:\/\/wawkomp.szubin.net\/wp-content\/uploads\/2021\/12\/image4-3-768x432.jpg 768w\" sizes=\"auto, (max-width: 900px) 100vw, 900px\" \/><\/a><\/figure><\/li><li class=\"blocks-gallery-item\"><figure><a href=\"https:\/\/wawkomp.szubin.net\/?attachment_id=1417\"><img loading=\"lazy\" decoding=\"async\" width=\"900\" height=\"506\" src=\"https:\/\/wawkomp.szubin.net\/wp-content\/uploads\/2021\/12\/image5-4.jpg\" alt=\"\" data-id=\"1417\" data-link=\"https:\/\/wawkomp.szubin.net\/?attachment_id=1417\" class=\"wp-image-1417\" srcset=\"https:\/\/wawkomp.szubin.net\/wp-content\/uploads\/2021\/12\/image5-4.jpg 900w, https:\/\/wawkomp.szubin.net\/wp-content\/uploads\/2021\/12\/image5-4-300x169.jpg 300w, https:\/\/wawkomp.szubin.net\/wp-content\/uploads\/2021\/12\/image5-4-768x432.jpg 768w\" sizes=\"auto, (max-width: 900px) 100vw, 900px\" \/><\/a><\/figure><\/li><li class=\"blocks-gallery-item\"><figure><a href=\"https:\/\/wawkomp.szubin.net\/?attachment_id=1418\"><img loading=\"lazy\" decoding=\"async\" width=\"900\" height=\"506\" src=\"https:\/\/wawkomp.szubin.net\/wp-content\/uploads\/2021\/12\/image7-4.jpg\" alt=\"\" data-id=\"1418\" data-link=\"https:\/\/wawkomp.szubin.net\/?attachment_id=1418\" class=\"wp-image-1418\" srcset=\"https:\/\/wawkomp.szubin.net\/wp-content\/uploads\/2021\/12\/image7-4.jpg 900w, https:\/\/wawkomp.szubin.net\/wp-content\/uploads\/2021\/12\/image7-4-300x169.jpg 300w, https:\/\/wawkomp.szubin.net\/wp-content\/uploads\/2021\/12\/image7-4-768x432.jpg 768w\" sizes=\"auto, (max-width: 900px) 100vw, 900px\" \/><\/a><\/figure><\/li><li class=\"blocks-gallery-item\"><figure><a href=\"https:\/\/wawkomp.szubin.net\/?attachment_id=1422\"><img loading=\"lazy\" decoding=\"async\" width=\"686\" height=\"1024\" src=\"https:\/\/wawkomp.szubin.net\/wp-content\/uploads\/2021\/12\/reklama-gotowa-686x1024.jpg\" alt=\"\" data-id=\"1422\" data-full-url=\"https:\/\/wawkomp.szubin.net\/wp-content\/uploads\/2021\/12\/reklama-gotowa.jpg\" data-link=\"https:\/\/wawkomp.szubin.net\/?attachment_id=1422\" class=\"wp-image-1422\" srcset=\"https:\/\/wawkomp.szubin.net\/wp-content\/uploads\/2021\/12\/reklama-gotowa-686x1024.jpg 686w, https:\/\/wawkomp.szubin.net\/wp-content\/uploads\/2021\/12\/reklama-gotowa-201x300.jpg 201w, https:\/\/wawkomp.szubin.net\/wp-content\/uploads\/2021\/12\/reklama-gotowa-768x1146.jpg 768w, https:\/\/wawkomp.szubin.net\/wp-content\/uploads\/2021\/12\/reklama-gotowa-1029x1536.jpg 1029w, https:\/\/wawkomp.szubin.net\/wp-content\/uploads\/2021\/12\/reklama-gotowa-1372x2048.jpg 1372w, https:\/\/wawkomp.szubin.net\/wp-content\/uploads\/2021\/12\/reklama-gotowa.jpg 1597w\" sizes=\"auto, (max-width: 686px) 100vw, 686px\" \/><\/a><\/figure><\/li><\/ul><\/figure>\n","protected":false},"excerpt":{"rendered":"<p>W sierpniu 2021 roku przygotowali\u015bmy now\u0105 szat\u0119 graficzn\u0105 reklam firmy oraz od\u015bwie\u017cyli\u015bmy elewacj\u0119.<\/p>\n","protected":false},"author":1,"featured_media":0,"parent":0,"menu_order":0,"comment_status":"closed","ping_status":"closed","template":"","meta":{"footnotes":""},"class_list":["post-1406","page","type-page","status-publish","hentry"],"_links":{"self":[{"href":"https:\/\/wawkomp.szubin.net\/index.php?rest_route=\/wp\/v2\/pages\/1406","targetHints":{"allow":["GET"]}}],"collection":[{"href":"https:\/\/wawkomp.szubin.net\/index.php?rest_route=\/wp\/v2\/pages"}],"about":[{"href":"https:\/\/wawkomp.szubin.net\/index.php?rest_route=\/wp\/v2\/types\/page"}],"author":[{"embeddable":true,"href":"https:\/\/wawkomp.szubin.net\/index.php?rest_route=\/wp\/v2\/users\/1"}],"replies":[{"embeddable":true,"href":"https:\/\/wawkomp.szubin.net\/index.php?rest_route=%2Fwp%2Fv2%2Fcomments&post=1406"}],"version-history":[{"count":5,"href":"https:\/\/wawkomp.szubin.net\/index.php?rest_route=\/wp\/v2\/pages\/1406\/revisions"}],"predecessor-version":[{"id":1423,"href":"https:\/\/wawkomp.szubin.net\/index.php?rest_route=\/wp\/v2\/pages\/1406\/revisions\/1423"}],"wp:attachment":[{"href":"https:\/\/wawkomp.szubin.net\/index.php?rest_route=%2Fwp%2Fv2%2Fmedia&parent=1406"}],"curies":[{"name":"wp","href":"https:\/\/api.w.org\/{rel}","templated":true}]}}