{"id":1442,"date":"2021-12-29T10:16:43","date_gmt":"2021-12-29T10:16:43","guid":{"rendered":"https:\/\/wawkomp.szubin.net\/?page_id=1442"},"modified":"2021-12-29T10:19:20","modified_gmt":"2021-12-29T10:19:20","slug":"paczkomat-dluzszy-o-2-metry","status":"publish","type":"page","link":"https:\/\/wawkomp.szubin.net\/?page_id=1442","title":{"rendered":"Paczkomat d\u0142u\u017cszy o 2 metry"},"content":{"rendered":"\n<p>17 grudnia 2021 firma InPost wyd\u0142u\u017cy\u0142a paczkomat o 2 dodatkowe metry.<\/p>\n\n\n\n<figure class=\"wp-block-gallery columns-2 is-cropped wp-block-gallery-1 is-layout-flex wp-block-gallery-is-layout-flex\"><ul class=\"blocks-gallery-grid\"><li class=\"blocks-gallery-item\"><figure><a href=\"https:\/\/wawkomp.szubin.net\/?attachment_id=1443\"><img loading=\"lazy\" decoding=\"async\" width=\"900\" height=\"506\" src=\"https:\/\/wawkomp.szubin.net\/wp-content\/uploads\/2021\/12\/image1-5.jpg\" alt=\"\" data-id=\"1443\" data-full-url=\"https:\/\/wawkomp.szubin.net\/wp-content\/uploads\/2021\/12\/image1-5.jpg\" data-link=\"https:\/\/wawkomp.szubin.net\/?attachment_id=1443\" class=\"wp-image-1443\" srcset=\"https:\/\/wawkomp.szubin.net\/wp-content\/uploads\/2021\/12\/image1-5.jpg 900w, https:\/\/wawkomp.szubin.net\/wp-content\/uploads\/2021\/12\/image1-5-300x169.jpg 300w, https:\/\/wawkomp.szubin.net\/wp-content\/uploads\/2021\/12\/image1-5-768x432.jpg 768w\" sizes=\"auto, (max-width: 900px) 100vw, 900px\" \/><\/a><\/figure><\/li><li class=\"blocks-gallery-item\"><figure><a href=\"https:\/\/wawkomp.szubin.net\/?attachment_id=1444\"><img loading=\"lazy\" decoding=\"async\" width=\"900\" height=\"506\" src=\"https:\/\/wawkomp.szubin.net\/wp-content\/uploads\/2021\/12\/image2-5.jpg\" alt=\"\" data-id=\"1444\" data-full-url=\"https:\/\/wawkomp.szubin.net\/wp-content\/uploads\/2021\/12\/image2-5.jpg\" data-link=\"https:\/\/wawkomp.szubin.net\/?attachment_id=1444\" class=\"wp-image-1444\" srcset=\"https:\/\/wawkomp.szubin.net\/wp-content\/uploads\/2021\/12\/image2-5.jpg 900w, https:\/\/wawkomp.szubin.net\/wp-content\/uploads\/2021\/12\/image2-5-300x169.jpg 300w, https:\/\/wawkomp.szubin.net\/wp-content\/uploads\/2021\/12\/image2-5-768x432.jpg 768w\" sizes=\"auto, (max-width: 900px) 100vw, 900px\" \/><\/a><\/figure><\/li><li class=\"blocks-gallery-item\"><figure><a href=\"https:\/\/wawkomp.szubin.net\/?attachment_id=1445\"><img loading=\"lazy\" decoding=\"async\" width=\"900\" height=\"506\" src=\"https:\/\/wawkomp.szubin.net\/wp-content\/uploads\/2021\/12\/image3-5.jpg\" alt=\"\" data-id=\"1445\" data-full-url=\"https:\/\/wawkomp.szubin.net\/wp-content\/uploads\/2021\/12\/image3-5.jpg\" data-link=\"https:\/\/wawkomp.szubin.net\/?attachment_id=1445\" class=\"wp-image-1445\" srcset=\"https:\/\/wawkomp.szubin.net\/wp-content\/uploads\/2021\/12\/image3-5.jpg 900w, https:\/\/wawkomp.szubin.net\/wp-content\/uploads\/2021\/12\/image3-5-300x169.jpg 300w, https:\/\/wawkomp.szubin.net\/wp-content\/uploads\/2021\/12\/image3-5-768x432.jpg 768w\" sizes=\"auto, (max-width: 900px) 100vw, 900px\" \/><\/a><\/figure><\/li><li class=\"blocks-gallery-item\"><figure><a href=\"https:\/\/wawkomp.szubin.net\/?attachment_id=1446\"><img loading=\"lazy\" decoding=\"async\" width=\"900\" height=\"506\" src=\"https:\/\/wawkomp.szubin.net\/wp-content\/uploads\/2021\/12\/image4-4.jpg\" alt=\"\" data-id=\"1446\" data-full-url=\"https:\/\/wawkomp.szubin.net\/wp-content\/uploads\/2021\/12\/image4-4.jpg\" data-link=\"https:\/\/wawkomp.szubin.net\/?attachment_id=1446\" class=\"wp-image-1446\" srcset=\"https:\/\/wawkomp.szubin.net\/wp-content\/uploads\/2021\/12\/image4-4.jpg 900w, https:\/\/wawkomp.szubin.net\/wp-content\/uploads\/2021\/12\/image4-4-300x169.jpg 300w, https:\/\/wawkomp.szubin.net\/wp-content\/uploads\/2021\/12\/image4-4-768x432.jpg 768w\" sizes=\"auto, (max-width: 900px) 100vw, 900px\" \/><\/a><\/figure><\/li><li class=\"blocks-gallery-item\"><figure><a href=\"https:\/\/wawkomp.szubin.net\/?attachment_id=1447\"><img loading=\"lazy\" decoding=\"async\" width=\"900\" height=\"415\" src=\"https:\/\/wawkomp.szubin.net\/wp-content\/uploads\/2021\/12\/image5-5.jpg\" alt=\"\" data-id=\"1447\" data-full-url=\"https:\/\/wawkomp.szubin.net\/wp-content\/uploads\/2021\/12\/image5-5.jpg\" data-link=\"https:\/\/wawkomp.szubin.net\/?attachment_id=1447\" class=\"wp-image-1447\" srcset=\"https:\/\/wawkomp.szubin.net\/wp-content\/uploads\/2021\/12\/image5-5.jpg 900w, https:\/\/wawkomp.szubin.net\/wp-content\/uploads\/2021\/12\/image5-5-300x138.jpg 300w, https:\/\/wawkomp.szubin.net\/wp-content\/uploads\/2021\/12\/image5-5-768x354.jpg 768w\" sizes=\"auto, (max-width: 900px) 100vw, 900px\" \/><\/a><\/figure><\/li><li class=\"blocks-gallery-item\"><figure><a href=\"https:\/\/wawkomp.szubin.net\/?attachment_id=1448\"><img loading=\"lazy\" decoding=\"async\" width=\"900\" height=\"415\" src=\"https:\/\/wawkomp.szubin.net\/wp-content\/uploads\/2021\/12\/image6-4.jpg\" alt=\"\" data-id=\"1448\" data-full-url=\"https:\/\/wawkomp.szubin.net\/wp-content\/uploads\/2021\/12\/image6-4.jpg\" data-link=\"https:\/\/wawkomp.szubin.net\/?attachment_id=1448\" class=\"wp-image-1448\" srcset=\"https:\/\/wawkomp.szubin.net\/wp-content\/uploads\/2021\/12\/image6-4.jpg 900w, https:\/\/wawkomp.szubin.net\/wp-content\/uploads\/2021\/12\/image6-4-300x138.jpg 300w, https:\/\/wawkomp.szubin.net\/wp-content\/uploads\/2021\/12\/image6-4-768x354.jpg 768w\" sizes=\"auto, (max-width: 900px) 100vw, 900px\" \/><\/a><\/figure><\/li><li class=\"blocks-gallery-item\"><figure><a href=\"https:\/\/wawkomp.szubin.net\/?attachment_id=1449\"><img loading=\"lazy\" decoding=\"async\" width=\"900\" height=\"415\" src=\"https:\/\/wawkomp.szubin.net\/wp-content\/uploads\/2021\/12\/image7-5.jpg\" alt=\"\" data-id=\"1449\" data-full-url=\"https:\/\/wawkomp.szubin.net\/wp-content\/uploads\/2021\/12\/image7-5.jpg\" data-link=\"https:\/\/wawkomp.szubin.net\/?attachment_id=1449\" class=\"wp-image-1449\" srcset=\"https:\/\/wawkomp.szubin.net\/wp-content\/uploads\/2021\/12\/image7-5.jpg 900w, https:\/\/wawkomp.szubin.net\/wp-content\/uploads\/2021\/12\/image7-5-300x138.jpg 300w, https:\/\/wawkomp.szubin.net\/wp-content\/uploads\/2021\/12\/image7-5-768x354.jpg 768w\" sizes=\"auto, (max-width: 900px) 100vw, 900px\" \/><\/a><\/figure><\/li><\/ul><\/figure>\n","protected":false},"excerpt":{"rendered":"<p>17 grudnia 2021 firma InPost wyd\u0142u\u017cy\u0142a paczkomat o 2 dodatkowe metry.<\/p>\n","protected":false},"author":1,"featured_media":0,"parent":0,"menu_order":0,"comment_status":"closed","ping_status":"closed","template":"","meta":{"footnotes":""},"class_list":["post-1442","page","type-page","status-publish","hentry"],"_links":{"self":[{"href":"https:\/\/wawkomp.szubin.net\/index.php?rest_route=\/wp\/v2\/pages\/1442","targetHints":{"allow":["GET"]}}],"collection":[{"href":"https:\/\/wawkomp.szubin.net\/index.php?rest_route=\/wp\/v2\/pages"}],"about":[{"href":"https:\/\/wawkomp.szubin.net\/index.php?rest_route=\/wp\/v2\/types\/page"}],"author":[{"embeddable":true,"href":"https:\/\/wawkomp.szubin.net\/index.php?rest_route=\/wp\/v2\/users\/1"}],"replies":[{"embeddable":true,"href":"https:\/\/wawkomp.szubin.net\/index.php?rest_route=%2Fwp%2Fv2%2Fcomments&post=1442"}],"version-history":[{"count":2,"href":"https:\/\/wawkomp.szubin.net\/index.php?rest_route=\/wp\/v2\/pages\/1442\/revisions"}],"predecessor-version":[{"id":1452,"href":"https:\/\/wawkomp.szubin.net\/index.php?rest_route=\/wp\/v2\/pages\/1442\/revisions\/1452"}],"wp:attachment":[{"href":"https:\/\/wawkomp.szubin.net\/index.php?rest_route=%2Fwp%2Fv2%2Fmedia&parent=1442"}],"curies":[{"name":"wp","href":"https:\/\/api.w.org\/{rel}","templated":true}]}}