{"id":1470,"date":"2023-07-20T10:34:27","date_gmt":"2023-07-20T10:34:27","guid":{"rendered":"https:\/\/wawkomp.szubin.net\/?page_id=1470"},"modified":"2023-07-20T10:35:46","modified_gmt":"2023-07-20T10:35:46","slug":"swiatlowod","status":"publish","type":"page","link":"https:\/\/wawkomp.szubin.net\/?page_id=1470","title":{"rendered":"\u015awiat\u0142ow\u00f3d"},"content":{"rendered":"\n<p>22 grudnia 2022 roku Szubin (ul. Rynek i M\u0142y\u0144ska) ma wreszcie mo\u017cliwo\u015b\u0107 do\u0142\u0105czenia \u015bwiat\u0142owodu. Na razie maksymalna pr\u0119dko\u015b\u0107 to 600 Mb\/s.<\/p>\n\n\n\n<figure class=\"wp-block-gallery has-nested-images columns-4 is-cropped wp-block-gallery-1 is-layout-flex wp-block-gallery-is-layout-flex\">\n<figure class=\"wp-block-image size-large\"><a href=\"https:\/\/wawkomp.szubin.net\/?attachment_id=1473\"><img loading=\"lazy\" decoding=\"async\" width=\"1024\" height=\"576\" data-id=\"1473\" src=\"https:\/\/wawkomp.szubin.net\/wp-content\/uploads\/2023\/07\/356791372_815882539981539_6967370117527383957_n-1024x576.jpg\" alt=\"\" class=\"wp-image-1473\" srcset=\"https:\/\/wawkomp.szubin.net\/wp-content\/uploads\/2023\/07\/356791372_815882539981539_6967370117527383957_n-1024x576.jpg 1024w, https:\/\/wawkomp.szubin.net\/wp-content\/uploads\/2023\/07\/356791372_815882539981539_6967370117527383957_n-300x169.jpg 300w, https:\/\/wawkomp.szubin.net\/wp-content\/uploads\/2023\/07\/356791372_815882539981539_6967370117527383957_n-768x432.jpg 768w, https:\/\/wawkomp.szubin.net\/wp-content\/uploads\/2023\/07\/356791372_815882539981539_6967370117527383957_n-1536x864.jpg 1536w, https:\/\/wawkomp.szubin.net\/wp-content\/uploads\/2023\/07\/356791372_815882539981539_6967370117527383957_n.jpg 1734w\" sizes=\"auto, (max-width: 1024px) 100vw, 1024px\" \/><\/a><\/figure>\n\n\n\n<figure class=\"wp-block-image size-large\"><a href=\"https:\/\/wawkomp.szubin.net\/?attachment_id=1474\"><img loading=\"lazy\" decoding=\"async\" width=\"576\" height=\"1024\" data-id=\"1474\" src=\"https:\/\/wawkomp.szubin.net\/wp-content\/uploads\/2023\/07\/356792108_323630283328627_3001749264815017422_n-576x1024.jpg\" alt=\"\" class=\"wp-image-1474\" srcset=\"https:\/\/wawkomp.szubin.net\/wp-content\/uploads\/2023\/07\/356792108_323630283328627_3001749264815017422_n-576x1024.jpg 576w, https:\/\/wawkomp.szubin.net\/wp-content\/uploads\/2023\/07\/356792108_323630283328627_3001749264815017422_n-169x300.jpg 169w, https:\/\/wawkomp.szubin.net\/wp-content\/uploads\/2023\/07\/356792108_323630283328627_3001749264815017422_n-768x1366.jpg 768w, https:\/\/wawkomp.szubin.net\/wp-content\/uploads\/2023\/07\/356792108_323630283328627_3001749264815017422_n-864x1536.jpg 864w, https:\/\/wawkomp.szubin.net\/wp-content\/uploads\/2023\/07\/356792108_323630283328627_3001749264815017422_n.jpg 975w\" sizes=\"auto, (max-width: 576px) 100vw, 576px\" \/><\/a><\/figure>\n\n\n\n<figure class=\"wp-block-image size-large\"><a href=\"https:\/\/wawkomp.szubin.net\/?attachment_id=1476\"><img loading=\"lazy\" decoding=\"async\" width=\"1024\" height=\"576\" data-id=\"1476\" src=\"https:\/\/wawkomp.szubin.net\/wp-content\/uploads\/2023\/07\/356792720_6798324856864470_4211216607757241340_n-1-1024x576.jpg\" alt=\"\" class=\"wp-image-1476\" srcset=\"https:\/\/wawkomp.szubin.net\/wp-content\/uploads\/2023\/07\/356792720_6798324856864470_4211216607757241340_n-1-1024x576.jpg 1024w, https:\/\/wawkomp.szubin.net\/wp-content\/uploads\/2023\/07\/356792720_6798324856864470_4211216607757241340_n-1-300x169.jpg 300w, https:\/\/wawkomp.szubin.net\/wp-content\/uploads\/2023\/07\/356792720_6798324856864470_4211216607757241340_n-1-768x432.jpg 768w, https:\/\/wawkomp.szubin.net\/wp-content\/uploads\/2023\/07\/356792720_6798324856864470_4211216607757241340_n-1-1536x864.jpg 1536w, https:\/\/wawkomp.szubin.net\/wp-content\/uploads\/2023\/07\/356792720_6798324856864470_4211216607757241340_n-1.jpg 1734w\" sizes=\"auto, (max-width: 1024px) 100vw, 1024px\" \/><\/a><\/figure>\n\n\n\n<figure class=\"wp-block-image size-large\"><a href=\"https:\/\/wawkomp.szubin.net\/?attachment_id=1475\"><img loading=\"lazy\" decoding=\"async\" width=\"1024\" height=\"576\" data-id=\"1475\" src=\"https:\/\/wawkomp.szubin.net\/wp-content\/uploads\/2023\/07\/356795963_1258821614794966_4398543576271606572_n-1024x576.jpg\" alt=\"\" class=\"wp-image-1475\" srcset=\"https:\/\/wawkomp.szubin.net\/wp-content\/uploads\/2023\/07\/356795963_1258821614794966_4398543576271606572_n-1024x576.jpg 1024w, https:\/\/wawkomp.szubin.net\/wp-content\/uploads\/2023\/07\/356795963_1258821614794966_4398543576271606572_n-300x169.jpg 300w, https:\/\/wawkomp.szubin.net\/wp-content\/uploads\/2023\/07\/356795963_1258821614794966_4398543576271606572_n-768x432.jpg 768w, https:\/\/wawkomp.szubin.net\/wp-content\/uploads\/2023\/07\/356795963_1258821614794966_4398543576271606572_n-1536x864.jpg 1536w, https:\/\/wawkomp.szubin.net\/wp-content\/uploads\/2023\/07\/356795963_1258821614794966_4398543576271606572_n.jpg 1734w\" sizes=\"auto, (max-width: 1024px) 100vw, 1024px\" \/><\/a><\/figure>\n<\/figure>\n","protected":false},"excerpt":{"rendered":"<p>22 grudnia 2022 roku Szubin (ul. Rynek i M\u0142y\u0144ska) ma wreszcie mo\u017cliwo\u015b\u0107 do\u0142\u0105czenia \u015bwiat\u0142owodu. Na razie maksymalna pr\u0119dko\u015b\u0107 to 600 Mb\/s.<\/p>\n","protected":false},"author":1,"featured_media":0,"parent":0,"menu_order":0,"comment_status":"closed","ping_status":"closed","template":"","meta":{"footnotes":""},"class_list":["post-1470","page","type-page","status-publish","hentry"],"_links":{"self":[{"href":"https:\/\/wawkomp.szubin.net\/index.php?rest_route=\/wp\/v2\/pages\/1470","targetHints":{"allow":["GET"]}}],"collection":[{"href":"https:\/\/wawkomp.szubin.net\/index.php?rest_route=\/wp\/v2\/pages"}],"about":[{"href":"https:\/\/wawkomp.szubin.net\/index.php?rest_route=\/wp\/v2\/types\/page"}],"author":[{"embeddable":true,"href":"https:\/\/wawkomp.szubin.net\/index.php?rest_route=\/wp\/v2\/users\/1"}],"replies":[{"embeddable":true,"href":"https:\/\/wawkomp.szubin.net\/index.php?rest_route=%2Fwp%2Fv2%2Fcomments&post=1470"}],"version-history":[{"count":2,"href":"https:\/\/wawkomp.szubin.net\/index.php?rest_route=\/wp\/v2\/pages\/1470\/revisions"}],"predecessor-version":[{"id":1477,"href":"https:\/\/wawkomp.szubin.net\/index.php?rest_route=\/wp\/v2\/pages\/1470\/revisions\/1477"}],"wp:attachment":[{"href":"https:\/\/wawkomp.szubin.net\/index.php?rest_route=%2Fwp%2Fv2%2Fmedia&parent=1470"}],"curies":[{"name":"wp","href":"https:\/\/api.w.org\/{rel}","templated":true}]}}