{"id":1562,"date":"2023-08-30T08:08:23","date_gmt":"2023-08-30T08:08:23","guid":{"rendered":"https:\/\/wawkomp.szubin.net\/?page_id=1562"},"modified":"2023-08-30T08:10:42","modified_gmt":"2023-08-30T08:10:42","slug":"integracja-z-siecia-alsen-2023","status":"publish","type":"page","link":"https:\/\/wawkomp.szubin.net\/?page_id=1562","title":{"rendered":"Integracja z sieci\u0105 Alsen &#8211; 2023"},"content":{"rendered":"\n<p>W 2023 roku stali\u015bmy si\u0119 cz\u0119\u015bci\u0105 sieci\u00a0<a href=\"https:\/\/www.alsen.pl\/sklepy\/wawkomp-sklep-komputerowy-szubin\">Alsen<\/a>. Dzi\u0119ki wsp\u00f3\u0142pracy poszerzyli\u015bmy zasi\u0119g dzia\u0142ania naszej firmy oraz uzyskali\u015bmy konkurencyjne ceny produkt\u00f3w.<\/p>\n\n\n\n<figure class=\"wp-block-gallery has-nested-images columns-default is-cropped wp-block-gallery-1 is-layout-flex wp-block-gallery-is-layout-flex\">\n<figure class=\"wp-block-image size-large\"><img loading=\"lazy\" decoding=\"async\" width=\"1024\" height=\"318\" data-id=\"1563\" src=\"https:\/\/wawkomp.szubin.net\/wp-content\/uploads\/2023\/08\/als-1024x318.png\" alt=\"\" class=\"wp-image-1563\" srcset=\"https:\/\/wawkomp.szubin.net\/wp-content\/uploads\/2023\/08\/als-1024x318.png 1024w, https:\/\/wawkomp.szubin.net\/wp-content\/uploads\/2023\/08\/als-300x93.png 300w, https:\/\/wawkomp.szubin.net\/wp-content\/uploads\/2023\/08\/als-768x238.png 768w, https:\/\/wawkomp.szubin.net\/wp-content\/uploads\/2023\/08\/als.png 1161w\" sizes=\"auto, (max-width: 1024px) 100vw, 1024px\" \/><\/figure>\n<\/figure>\n","protected":false},"excerpt":{"rendered":"<p>W 2023 roku stali\u015bmy si\u0119 cz\u0119\u015bci\u0105 sieci\u00a0Alsen. Dzi\u0119ki wsp\u00f3\u0142pracy poszerzyli\u015bmy zasi\u0119g dzia\u0142ania naszej firmy oraz uzyskali\u015bmy konkurencyjne ceny produkt\u00f3w.<\/p>\n","protected":false},"author":1,"featured_media":0,"parent":0,"menu_order":0,"comment_status":"closed","ping_status":"closed","template":"","meta":{"footnotes":""},"class_list":["post-1562","page","type-page","status-publish","hentry"],"_links":{"self":[{"href":"https:\/\/wawkomp.szubin.net\/index.php?rest_route=\/wp\/v2\/pages\/1562","targetHints":{"allow":["GET"]}}],"collection":[{"href":"https:\/\/wawkomp.szubin.net\/index.php?rest_route=\/wp\/v2\/pages"}],"about":[{"href":"https:\/\/wawkomp.szubin.net\/index.php?rest_route=\/wp\/v2\/types\/page"}],"author":[{"embeddable":true,"href":"https:\/\/wawkomp.szubin.net\/index.php?rest_route=\/wp\/v2\/users\/1"}],"replies":[{"embeddable":true,"href":"https:\/\/wawkomp.szubin.net\/index.php?rest_route=%2Fwp%2Fv2%2Fcomments&post=1562"}],"version-history":[{"count":2,"href":"https:\/\/wawkomp.szubin.net\/index.php?rest_route=\/wp\/v2\/pages\/1562\/revisions"}],"predecessor-version":[{"id":1566,"href":"https:\/\/wawkomp.szubin.net\/index.php?rest_route=\/wp\/v2\/pages\/1562\/revisions\/1566"}],"wp:attachment":[{"href":"https:\/\/wawkomp.szubin.net\/index.php?rest_route=%2Fwp%2Fv2%2Fmedia&parent=1562"}],"curies":[{"name":"wp","href":"https:\/\/api.w.org\/{rel}","templated":true}]}}