{"id":1781,"date":"2025-02-10T12:35:16","date_gmt":"2025-02-10T12:35:16","guid":{"rendered":"https:\/\/wawkomp.szubin.net\/?page_id=1781"},"modified":"2025-02-10T13:42:38","modified_gmt":"2025-02-10T13:42:38","slug":"bon-dla-nauczyciela","status":"publish","type":"page","link":"https:\/\/wawkomp.szubin.net\/?page_id=1781","title":{"rendered":"Laptop dla nauczyciela"},"content":{"rendered":"\n<p>Nasz sklep realizuje &#8222;Bony dla nauczyciela&#8221;. Przedstawiamy wa\u017cne informacje.<\/p>\n\n\n\n<p>Program \u201eLaptop dla nauczyciela\u201d wci\u0105\u017c trwa, a bony o warto\u015bci 2500 z\u0142 mog\u0105 by\u0107 realizowane a\u017c do ko\u0144ca 2025 roku. Do tej pory rozporz\u0105dzenie ministra cyfryzacji obejmowa\u0142o nauczycieli klas IV\u2013VIII szk\u00f3\u0142 podstawowych, kt\u00f3rzy mog\u0105 skorzysta\u0107 z tej mo\u017cliwo\u015bci, aby wyposa\u017cy\u0107 si\u0119 w nowoczesny sprz\u0119t do pracy dydaktycznej.<\/p>\n\n\n\n<p>Jednak na tym nie koniec \u2013 w od 27 stycznia 2025 roku\u00a0o wsparcie mog\u0105 wnioskowa\u0107 nowe uprawnione grupy nauczycieli:\u00a0<strong>nauczyciele klas I-III szk\u00f3\u0142 podstawowych oraz nauczyciele szk\u00f3\u0142 ponadpodstawowych<\/strong>. W dalszym ci\u0105gu\u00a0<strong>do grupy uprawnionych nie b\u0119d\u0105 wliczani nauczyciele wychowania przedszkolnego<\/strong>.<\/p>\n\n\n\n<p>Projekt rozporz\u0105dzenia Ministra Cyfryzacji zmieniaj\u0105cego rozporz\u0105dzenie w sprawie okre\u015blenia grup nauczycieli, wychowawc\u00f3w i innych pracownik\u00f3w pedagogicznych uprawnionych do otrzymania wsparcia sfinansowanego ze \u015brodk\u00f3w publicznych znajdziesz\u00a0<a href=\"https:\/\/legislacja.gov.pl\/projekt\/12393001\">tutaj<\/a>.<\/p>\n\n\n\n<h2 class=\"wp-block-heading\" id=\"naglowek-3\">Zmiana specyfikacji technicznej laptop\u00f3w dla nauczycieli \u2013 nowe wymagania<\/h2>\n\n\n\n<p>Pod koniec 2024 roku program \u201eLaptop dla nauczyciela\u201d doczeka\u0142 si\u0119 aktualizacji wymaga\u0144 technicznych. Teraz laptopy, kt\u00f3re mo\u017cesz zakupi\u0107 w ramach obecnie dost\u0119pnego bonu,&nbsp;<strong>musz\u0105 spe\u0142nia\u0107 bardziej precyzyjne kryteria, kt\u00f3re wykluczaj\u0105 np. zakup MacBook\u00f3w czy laptop\u00f3w gamingowych.<\/strong><\/p>\n\n\n\n<p><strong>Kluczowe wymagania w specyfikacji:<\/strong><\/p>\n\n\n\n<ul class=\"wp-block-list\">\n<li><strong>Wydajno\u015b\u0107<\/strong>: laptop musi osi\u0105ga\u0107 co najmniej 1400 punkt\u00f3w w te\u015bcie CrossMark lub 5700 punkt\u00f3w w Procyon Office Productivity.<\/li>\n\n\n\n<li><strong>Pami\u0119\u0107 RAM i dysk<\/strong>: wymagane jest minimum 16 GB pami\u0119ci RAM i dysk SSD o pojemno\u015bci co najmniej 512 GB.<\/li>\n\n\n\n<li><strong>\u0141\u0105czno\u015b\u0107 i porty<\/strong>: obowi\u0105zkowe Wi-Fi 6, Bluetooth 5.0 oraz minimum 3 porty (w tym jeden umo\u017cliwiaj\u0105cy pod\u0142\u0105czenie wideo).<\/li>\n\n\n\n<li><strong>Ekran<\/strong>: przynajmniej 13 cali, rozdzielczo\u015b\u0107 Full HD (1920 x 1080 pikseli), jasno\u015b\u0107 co najmniej 250 cd\/m\u00b2, z matryc\u0105 matow\u0105 lub b\u0142yszcz\u0105c\u0105.<\/li>\n\n\n\n<li><strong>Bateria<\/strong>: laptop powinien dzia\u0142a\u0107 na baterii przynajmniej 6 godzin przy \u015brednim obci\u0105\u017ceniu.<\/li>\n\n\n\n<li><strong>Waga<\/strong>: maksymalnie 2,5 kg, aby u\u0142atwi\u0107 przenoszenie.<\/li>\n\n\n\n<li><strong>Bezpiecze\u0144stwo<\/strong>: wbudowane mechanizmy ochrony danych, kt\u00f3re zapewniaj\u0105 bezpiecze\u0144stwo podczas pracy.<\/li>\n\n\n\n<li><strong>Gwarancja<\/strong>: co najmniej 24-miesi\u0119czna.<\/li>\n<\/ul>\n\n\n\n<p><strong>Wymagane certyfikaty:<\/strong><\/p>\n\n\n\n<p>Aby sprz\u0119t spe\u0142nia\u0142 standardy jako\u015bci i bezpiecze\u0144stwa, ka\u017cdy laptop musi posiada\u0107:<\/p>\n\n\n\n<ul class=\"wp-block-list\">\n<li><strong>Certyfikat EPEAT<\/strong>\u00a0(dla Polski lub innego kraju UE) lub r\u00f3wnowa\u017cny certyfikat wydany przez akredytowan\u0105 instytucj\u0119;<\/li>\n\n\n\n<li><strong>Oznakowanie CE<\/strong>\u00a0oraz deklaracj\u0119 zgodno\u015bci UE;<\/li>\n\n\n\n<li><strong>Certyfikat TCO<\/strong>, potwierdzaj\u0105cy zgodno\u015b\u0107 z ekologicznymi i ergonomicznymi standardami.<\/li>\n<\/ul>\n\n\n\n<p>Dodatkowo&nbsp;producent laptopa powinien legitymowa\u0107 si\u0119 certyfikatami ISO 9001 (zarz\u0105dzanie jako\u015bci\u0105) oraz ISO 14001 (zarz\u0105dzanie \u015brodowiskiem).<\/p>\n\n\n\n<h2 class=\"wp-block-heading\" id=\"naglowek-4\">Bon dla nauczyciela 2024\/2025: nowych wytycznych doczeka\u0142y si\u0119 te\u017c laptopy przegl\u0105darkowe<\/h2>\n\n\n\n<p>Nie tylko klasyczne laptopy doczeka\u0142y si\u0119 aktualizacji wymaga\u0144 technicznych \u2013 zmiany dotycz\u0105 r\u00f3wnie\u017c laptop\u00f3w przegl\u0105darkowych, kt\u00f3re mo\u017cna zakupi\u0107 w ramach programu \u201eLaptop dla nauczyciela\u201d. Te urz\u0105dzenia, stworzone z my\u015bl\u0105 o pracy w \u015brodowisku internetowym i aplikacjach chmurowych, musz\u0105 teraz spe\u0142nia\u0107 jeszcze bardziej precyzyjne kryteria.<\/p>\n\n\n\n<p><strong>Co zmieni\u0142o si\u0119 w specyfikacji?<\/strong><\/p>\n\n\n\n<p>Laptopy przegl\u0105darkowe musz\u0105 teraz sprosta\u0107 poni\u017cszym wymaganiom:<\/p>\n\n\n\n<ul class=\"wp-block-list\">\n<li><strong>Wydajno\u015b\u0107<\/strong>: co najmniej 150 punkt\u00f3w w te\u015bcie WebXPRT lub 110 punkt\u00f3w w CrXPRT 2.<\/li>\n\n\n\n<li><strong>Pami\u0119\u0107 RAM i dysk SSD<\/strong>: minimum 8 GB pami\u0119ci RAM oraz 64 GB pami\u0119ci masowej na dysku SSD. Dodatkowo w cenie urz\u0105dzenia musi by\u0107 zapewniona przestrze\u0144 wirtualna o pojemno\u015bci co najmniej 256 GB, dost\u0119pna przez ca\u0142y okres u\u017cytkowania.<\/li>\n\n\n\n<li><strong>\u0141\u0105czno\u015b\u0107 i porty<\/strong>: obowi\u0105zkowe Wi-Fi 6, Bluetooth 5.0 oraz minimum 3 porty, w tym jeden do pod\u0142\u0105czenia wideo.<\/li>\n\n\n\n<li><strong>Ekran<\/strong>: przek\u0105tna minimum 13 cali, rozdzielczo\u015b\u0107 Full HD (1920 x 1080 pikseli).<\/li>\n\n\n\n<li><strong>Bateria i waga<\/strong>: urz\u0105dzenie powinno dzia\u0142a\u0107 na baterii co najmniej 6 godzin przy \u015brednim obci\u0105\u017ceniu, a jego waga nie mo\u017ce przekracza\u0107 2 kg.<\/li>\n\n\n\n<li><strong>Bezpiecze\u0144stwo<\/strong>: wbudowane mechanizmy ochrony danych, aby zapewni\u0107 bezpiecze\u0144stwo u\u017cytkownika.<\/li>\n<\/ul>\n\n\n\n<p><strong>Certyfikaty i gwarancja:<\/strong><\/p>\n\n\n\n<ul class=\"wp-block-list\">\n<li>Certyfikaty EPEAT, CE oraz TCO s\u0105 tutaj obowi\u0105zkowe, podobnie jak w przypadku laptop\u00f3w klasycznych.<\/li>\n\n\n\n<li>Ka\u017cde urz\u0105dzenie musi by\u0107 obj\u0119te 24-miesi\u0119czn\u0105 gwarancj\u0105 producenta, z serwisem dost\u0119pnym na terenie Polski i pe\u0142nym pokryciem koszt\u00f3w transportu w ramach gwarancji.<\/li>\n<\/ul>\n\n\n\n<p>Wa\u017cne strony:<\/p>\n\n\n\n<ol class=\"wp-block-list\">\n<li>Wyszukiwarka wynik\u00f3w w testach programu CrossMark<\/li>\n<\/ol>\n\n\n\n<p><a href=\"https:\/\/results.bapco.com\/charts\/facet\/CrossMark\/cpu\/all\/notebook\">https:\/\/results.bapco.com\/charts\/facet\/CrossMark\/cpu\/all\/notebook<\/a><\/p>\n","protected":false},"excerpt":{"rendered":"<p>Nasz sklep realizuje &#8222;Bony dla nauczyciela&#8221;. Przedstawiamy wa\u017cne informacje. Program \u201eLaptop dla nauczyciela\u201d wci\u0105\u017c trwa, a bony o warto\u015bci 2500 z\u0142 mog\u0105 by\u0107 realizowane a\u017c do ko\u0144ca 2025 roku. Do tej pory rozporz\u0105dzenie ministra cyfryzacji obejmowa\u0142o nauczycieli klas IV\u2013VIII szk\u00f3\u0142 podstawowych, kt\u00f3rzy mog\u0105 skorzysta\u0107 z tej mo\u017cliwo\u015bci, aby wyposa\u017cy\u0107 si\u0119 w nowoczesny sprz\u0119t do pracy&hellip; <a class=\"continue\" href=\"https:\/\/wawkomp.szubin.net\/?page_id=1781\">Continue Reading<span> Laptop dla nauczyciela<\/span><\/a><\/p>\n","protected":false},"author":1,"featured_media":0,"parent":0,"menu_order":0,"comment_status":"closed","ping_status":"closed","template":"","meta":{"footnotes":""},"class_list":["post-1781","page","type-page","status-publish","hentry"],"_links":{"self":[{"href":"https:\/\/wawkomp.szubin.net\/index.php?rest_route=\/wp\/v2\/pages\/1781","targetHints":{"allow":["GET"]}}],"collection":[{"href":"https:\/\/wawkomp.szubin.net\/index.php?rest_route=\/wp\/v2\/pages"}],"about":[{"href":"https:\/\/wawkomp.szubin.net\/index.php?rest_route=\/wp\/v2\/types\/page"}],"author":[{"embeddable":true,"href":"https:\/\/wawkomp.szubin.net\/index.php?rest_route=\/wp\/v2\/users\/1"}],"replies":[{"embeddable":true,"href":"https:\/\/wawkomp.szubin.net\/index.php?rest_route=%2Fwp%2Fv2%2Fcomments&post=1781"}],"version-history":[{"count":4,"href":"https:\/\/wawkomp.szubin.net\/index.php?rest_route=\/wp\/v2\/pages\/1781\/revisions"}],"predecessor-version":[{"id":1788,"href":"https:\/\/wawkomp.szubin.net\/index.php?rest_route=\/wp\/v2\/pages\/1781\/revisions\/1788"}],"wp:attachment":[{"href":"https:\/\/wawkomp.szubin.net\/index.php?rest_route=%2Fwp%2Fv2%2Fmedia&parent=1781"}],"curies":[{"name":"wp","href":"https:\/\/api.w.org\/{rel}","templated":true}]}}