{"id":1881,"date":"2026-02-03T11:39:25","date_gmt":"2026-02-03T11:39:25","guid":{"rendered":"https:\/\/wawkomp.szubin.net\/?page_id=1881"},"modified":"2026-02-09T09:55:05","modified_gmt":"2026-02-09T09:55:05","slug":"nowe-oswietlenie","status":"publish","type":"page","link":"https:\/\/wawkomp.szubin.net\/?page_id=1881","title":{"rendered":"Nowe o\u015bwietlenie"},"content":{"rendered":"\n<p>W naszym sklepie\/serwisie zapanowa\u0142a jasno\u015b\u0107 \u2013 zainwestowali\u015bmy w nowoczesne, energooszcz\u0119dne o\u015bwietlenie. Dzi\u0119ki temu wyb\u00f3r idealnego laptopa jest teraz jeszcze \u0142atwiejszy, a ka\u017cdy detal sprz\u0119tu doskonale widoczny!<\/p>\n\n\n\n<figure class=\"wp-block-gallery has-nested-images columns-8 is-cropped wp-block-gallery-1 is-layout-flex wp-block-gallery-is-layout-flex\">\n<figure class=\"wp-block-image size-full\"><img loading=\"lazy\" decoding=\"async\" width=\"2048\" height=\"907\" data-id=\"1882\" src=\"https:\/\/wawkomp.szubin.net\/wp-content\/uploads\/2026\/02\/1d0c15dd-d817-4bb4-960e-ad672a5e5d05.jpg\" alt=\"\" class=\"wp-image-1882\" srcset=\"https:\/\/wawkomp.szubin.net\/wp-content\/uploads\/2026\/02\/1d0c15dd-d817-4bb4-960e-ad672a5e5d05.jpg 2048w, https:\/\/wawkomp.szubin.net\/wp-content\/uploads\/2026\/02\/1d0c15dd-d817-4bb4-960e-ad672a5e5d05-768x340.jpg 768w, https:\/\/wawkomp.szubin.net\/wp-content\/uploads\/2026\/02\/1d0c15dd-d817-4bb4-960e-ad672a5e5d05-1536x680.jpg 1536w\" sizes=\"auto, (max-width: 2048px) 100vw, 2048px\" \/><\/figure>\n\n\n\n<figure class=\"wp-block-image size-full\"><img loading=\"lazy\" decoding=\"async\" width=\"2048\" height=\"907\" data-id=\"1884\" src=\"https:\/\/wawkomp.szubin.net\/wp-content\/uploads\/2026\/02\/1faaf7c6-87f8-44ad-8c54-01ad2d328ffe.jpg\" alt=\"\" class=\"wp-image-1884\" srcset=\"https:\/\/wawkomp.szubin.net\/wp-content\/uploads\/2026\/02\/1faaf7c6-87f8-44ad-8c54-01ad2d328ffe.jpg 2048w, https:\/\/wawkomp.szubin.net\/wp-content\/uploads\/2026\/02\/1faaf7c6-87f8-44ad-8c54-01ad2d328ffe-768x340.jpg 768w, https:\/\/wawkomp.szubin.net\/wp-content\/uploads\/2026\/02\/1faaf7c6-87f8-44ad-8c54-01ad2d328ffe-1536x680.jpg 1536w\" sizes=\"auto, (max-width: 2048px) 100vw, 2048px\" \/><\/figure>\n\n\n\n<figure class=\"wp-block-image size-full\"><img loading=\"lazy\" decoding=\"async\" width=\"2048\" height=\"907\" data-id=\"1890\" src=\"https:\/\/wawkomp.szubin.net\/wp-content\/uploads\/2026\/02\/4e899df6-da40-4170-9804-4252c57cd898.jpg\" alt=\"\" class=\"wp-image-1890\" srcset=\"https:\/\/wawkomp.szubin.net\/wp-content\/uploads\/2026\/02\/4e899df6-da40-4170-9804-4252c57cd898.jpg 2048w, https:\/\/wawkomp.szubin.net\/wp-content\/uploads\/2026\/02\/4e899df6-da40-4170-9804-4252c57cd898-768x340.jpg 768w, https:\/\/wawkomp.szubin.net\/wp-content\/uploads\/2026\/02\/4e899df6-da40-4170-9804-4252c57cd898-1536x680.jpg 1536w\" sizes=\"auto, (max-width: 2048px) 100vw, 2048px\" \/><\/figure>\n\n\n\n<figure class=\"wp-block-image size-full\"><img loading=\"lazy\" decoding=\"async\" width=\"2048\" height=\"907\" data-id=\"1885\" src=\"https:\/\/wawkomp.szubin.net\/wp-content\/uploads\/2026\/02\/5b2520cc-41f7-4ed2-804b-1e5c08aa7c9e.jpg\" alt=\"\" class=\"wp-image-1885\" srcset=\"https:\/\/wawkomp.szubin.net\/wp-content\/uploads\/2026\/02\/5b2520cc-41f7-4ed2-804b-1e5c08aa7c9e.jpg 2048w, https:\/\/wawkomp.szubin.net\/wp-content\/uploads\/2026\/02\/5b2520cc-41f7-4ed2-804b-1e5c08aa7c9e-768x340.jpg 768w, https:\/\/wawkomp.szubin.net\/wp-content\/uploads\/2026\/02\/5b2520cc-41f7-4ed2-804b-1e5c08aa7c9e-1536x680.jpg 1536w\" sizes=\"auto, (max-width: 2048px) 100vw, 2048px\" \/><\/figure>\n\n\n\n<figure class=\"wp-block-image size-full\"><img loading=\"lazy\" decoding=\"async\" width=\"2048\" height=\"907\" data-id=\"1893\" src=\"https:\/\/wawkomp.szubin.net\/wp-content\/uploads\/2026\/02\/6babb2b0-29c3-451e-ad71-c81f9765bf9d.jpg\" alt=\"\" class=\"wp-image-1893\" srcset=\"https:\/\/wawkomp.szubin.net\/wp-content\/uploads\/2026\/02\/6babb2b0-29c3-451e-ad71-c81f9765bf9d.jpg 2048w, https:\/\/wawkomp.szubin.net\/wp-content\/uploads\/2026\/02\/6babb2b0-29c3-451e-ad71-c81f9765bf9d-768x340.jpg 768w, https:\/\/wawkomp.szubin.net\/wp-content\/uploads\/2026\/02\/6babb2b0-29c3-451e-ad71-c81f9765bf9d-1536x680.jpg 1536w\" sizes=\"auto, (max-width: 2048px) 100vw, 2048px\" \/><\/figure>\n\n\n\n<figure class=\"wp-block-image size-full\"><img loading=\"lazy\" decoding=\"async\" width=\"2048\" height=\"907\" data-id=\"1894\" src=\"https:\/\/wawkomp.szubin.net\/wp-content\/uploads\/2026\/02\/8b76a349-7d38-4e9d-84b1-9e306dc43336.jpg\" alt=\"\" class=\"wp-image-1894\" srcset=\"https:\/\/wawkomp.szubin.net\/wp-content\/uploads\/2026\/02\/8b76a349-7d38-4e9d-84b1-9e306dc43336.jpg 2048w, https:\/\/wawkomp.szubin.net\/wp-content\/uploads\/2026\/02\/8b76a349-7d38-4e9d-84b1-9e306dc43336-768x340.jpg 768w, https:\/\/wawkomp.szubin.net\/wp-content\/uploads\/2026\/02\/8b76a349-7d38-4e9d-84b1-9e306dc43336-1536x680.jpg 1536w\" sizes=\"auto, (max-width: 2048px) 100vw, 2048px\" \/><\/figure>\n\n\n\n<figure class=\"wp-block-image size-full\"><img loading=\"lazy\" decoding=\"async\" width=\"2048\" height=\"907\" data-id=\"1889\" src=\"https:\/\/wawkomp.szubin.net\/wp-content\/uploads\/2026\/02\/11c1211f-3589-4c94-932b-b5aef2cd4b8b.jpg\" alt=\"\" class=\"wp-image-1889\" srcset=\"https:\/\/wawkomp.szubin.net\/wp-content\/uploads\/2026\/02\/11c1211f-3589-4c94-932b-b5aef2cd4b8b.jpg 2048w, https:\/\/wawkomp.szubin.net\/wp-content\/uploads\/2026\/02\/11c1211f-3589-4c94-932b-b5aef2cd4b8b-768x340.jpg 768w, https:\/\/wawkomp.szubin.net\/wp-content\/uploads\/2026\/02\/11c1211f-3589-4c94-932b-b5aef2cd4b8b-1536x680.jpg 1536w\" sizes=\"auto, (max-width: 2048px) 100vw, 2048px\" \/><\/figure>\n\n\n\n<figure class=\"wp-block-image size-full\"><img loading=\"lazy\" decoding=\"async\" width=\"2048\" height=\"907\" data-id=\"1883\" src=\"https:\/\/wawkomp.szubin.net\/wp-content\/uploads\/2026\/02\/34c9812b-caa4-43b3-9c36-1d626d9345e1.jpg\" alt=\"\" class=\"wp-image-1883\" srcset=\"https:\/\/wawkomp.szubin.net\/wp-content\/uploads\/2026\/02\/34c9812b-caa4-43b3-9c36-1d626d9345e1.jpg 2048w, https:\/\/wawkomp.szubin.net\/wp-content\/uploads\/2026\/02\/34c9812b-caa4-43b3-9c36-1d626d9345e1-768x340.jpg 768w, https:\/\/wawkomp.szubin.net\/wp-content\/uploads\/2026\/02\/34c9812b-caa4-43b3-9c36-1d626d9345e1-1536x680.jpg 1536w\" sizes=\"auto, (max-width: 2048px) 100vw, 2048px\" \/><\/figure>\n\n\n\n<figure class=\"wp-block-image size-full\"><img loading=\"lazy\" decoding=\"async\" width=\"2048\" height=\"907\" data-id=\"1888\" src=\"https:\/\/wawkomp.szubin.net\/wp-content\/uploads\/2026\/02\/71c1f461-4231-4ae3-beb7-0aae60ebebd6.jpg\" alt=\"\" class=\"wp-image-1888\" srcset=\"https:\/\/wawkomp.szubin.net\/wp-content\/uploads\/2026\/02\/71c1f461-4231-4ae3-beb7-0aae60ebebd6.jpg 2048w, https:\/\/wawkomp.szubin.net\/wp-content\/uploads\/2026\/02\/71c1f461-4231-4ae3-beb7-0aae60ebebd6-768x340.jpg 768w, https:\/\/wawkomp.szubin.net\/wp-content\/uploads\/2026\/02\/71c1f461-4231-4ae3-beb7-0aae60ebebd6-1536x680.jpg 1536w\" sizes=\"auto, (max-width: 2048px) 100vw, 2048px\" \/><\/figure>\n\n\n\n<figure class=\"wp-block-image size-full\"><img loading=\"lazy\" decoding=\"async\" width=\"2048\" height=\"907\" data-id=\"1887\" src=\"https:\/\/wawkomp.szubin.net\/wp-content\/uploads\/2026\/02\/98e202cc-17a3-4262-bde2-1315d2cf5def.jpg\" alt=\"\" class=\"wp-image-1887\" srcset=\"https:\/\/wawkomp.szubin.net\/wp-content\/uploads\/2026\/02\/98e202cc-17a3-4262-bde2-1315d2cf5def.jpg 2048w, https:\/\/wawkomp.szubin.net\/wp-content\/uploads\/2026\/02\/98e202cc-17a3-4262-bde2-1315d2cf5def-768x340.jpg 768w, https:\/\/wawkomp.szubin.net\/wp-content\/uploads\/2026\/02\/98e202cc-17a3-4262-bde2-1315d2cf5def-1536x680.jpg 1536w\" sizes=\"auto, (max-width: 2048px) 100vw, 2048px\" \/><\/figure>\n\n\n\n<figure class=\"wp-block-image size-full\"><img loading=\"lazy\" decoding=\"async\" width=\"2048\" height=\"907\" data-id=\"1886\" src=\"https:\/\/wawkomp.szubin.net\/wp-content\/uploads\/2026\/02\/6304ff52-f550-4b30-9715-49f88c576d34.jpg\" alt=\"\" class=\"wp-image-1886\" srcset=\"https:\/\/wawkomp.szubin.net\/wp-content\/uploads\/2026\/02\/6304ff52-f550-4b30-9715-49f88c576d34.jpg 2048w, https:\/\/wawkomp.szubin.net\/wp-content\/uploads\/2026\/02\/6304ff52-f550-4b30-9715-49f88c576d34-768x340.jpg 768w, https:\/\/wawkomp.szubin.net\/wp-content\/uploads\/2026\/02\/6304ff52-f550-4b30-9715-49f88c576d34-1536x680.jpg 1536w\" sizes=\"auto, (max-width: 2048px) 100vw, 2048px\" \/><\/figure>\n\n\n\n<figure class=\"wp-block-image size-full\"><img loading=\"lazy\" decoding=\"async\" width=\"2048\" height=\"907\" data-id=\"1891\" src=\"https:\/\/wawkomp.szubin.net\/wp-content\/uploads\/2026\/02\/a29b4031-64d7-4c90-a9f7-92224c11b599.jpg\" alt=\"\" class=\"wp-image-1891\" srcset=\"https:\/\/wawkomp.szubin.net\/wp-content\/uploads\/2026\/02\/a29b4031-64d7-4c90-a9f7-92224c11b599.jpg 2048w, https:\/\/wawkomp.szubin.net\/wp-content\/uploads\/2026\/02\/a29b4031-64d7-4c90-a9f7-92224c11b599-768x340.jpg 768w, https:\/\/wawkomp.szubin.net\/wp-content\/uploads\/2026\/02\/a29b4031-64d7-4c90-a9f7-92224c11b599-1536x680.jpg 1536w\" sizes=\"auto, (max-width: 2048px) 100vw, 2048px\" \/><\/figure>\n\n\n\n<figure class=\"wp-block-image size-full\"><img loading=\"lazy\" decoding=\"async\" width=\"2048\" height=\"907\" data-id=\"1897\" src=\"https:\/\/wawkomp.szubin.net\/wp-content\/uploads\/2026\/02\/b7b9c3ec-099c-4bc2-b442-fcaa220968af.jpg\" alt=\"\" class=\"wp-image-1897\" srcset=\"https:\/\/wawkomp.szubin.net\/wp-content\/uploads\/2026\/02\/b7b9c3ec-099c-4bc2-b442-fcaa220968af.jpg 2048w, https:\/\/wawkomp.szubin.net\/wp-content\/uploads\/2026\/02\/b7b9c3ec-099c-4bc2-b442-fcaa220968af-768x340.jpg 768w, https:\/\/wawkomp.szubin.net\/wp-content\/uploads\/2026\/02\/b7b9c3ec-099c-4bc2-b442-fcaa220968af-1536x680.jpg 1536w\" sizes=\"auto, (max-width: 2048px) 100vw, 2048px\" \/><\/figure>\n\n\n\n<figure class=\"wp-block-image size-full\"><img loading=\"lazy\" decoding=\"async\" width=\"2048\" height=\"907\" data-id=\"1892\" src=\"https:\/\/wawkomp.szubin.net\/wp-content\/uploads\/2026\/02\/b15b8322-8e39-458a-96b4-b5a614c74025.jpg\" alt=\"\" class=\"wp-image-1892\" srcset=\"https:\/\/wawkomp.szubin.net\/wp-content\/uploads\/2026\/02\/b15b8322-8e39-458a-96b4-b5a614c74025.jpg 2048w, https:\/\/wawkomp.szubin.net\/wp-content\/uploads\/2026\/02\/b15b8322-8e39-458a-96b4-b5a614c74025-768x340.jpg 768w, https:\/\/wawkomp.szubin.net\/wp-content\/uploads\/2026\/02\/b15b8322-8e39-458a-96b4-b5a614c74025-1536x680.jpg 1536w\" sizes=\"auto, (max-width: 2048px) 100vw, 2048px\" \/><\/figure>\n\n\n\n<figure class=\"wp-block-image size-full\"><img loading=\"lazy\" decoding=\"async\" width=\"2048\" height=\"907\" data-id=\"1896\" src=\"https:\/\/wawkomp.szubin.net\/wp-content\/uploads\/2026\/02\/be425e2f-18a1-4adf-aa6b-88800de21d50.jpg\" alt=\"\" class=\"wp-image-1896\" srcset=\"https:\/\/wawkomp.szubin.net\/wp-content\/uploads\/2026\/02\/be425e2f-18a1-4adf-aa6b-88800de21d50.jpg 2048w, https:\/\/wawkomp.szubin.net\/wp-content\/uploads\/2026\/02\/be425e2f-18a1-4adf-aa6b-88800de21d50-768x340.jpg 768w, https:\/\/wawkomp.szubin.net\/wp-content\/uploads\/2026\/02\/be425e2f-18a1-4adf-aa6b-88800de21d50-1536x680.jpg 1536w\" sizes=\"auto, (max-width: 2048px) 100vw, 2048px\" \/><\/figure>\n\n\n\n<figure class=\"wp-block-image size-full\"><img loading=\"lazy\" decoding=\"async\" width=\"2048\" height=\"907\" data-id=\"1895\" src=\"https:\/\/wawkomp.szubin.net\/wp-content\/uploads\/2026\/02\/eae8de71-6c81-4661-a226-3dbf0628d31e.jpg\" alt=\"\" class=\"wp-image-1895\" srcset=\"https:\/\/wawkomp.szubin.net\/wp-content\/uploads\/2026\/02\/eae8de71-6c81-4661-a226-3dbf0628d31e.jpg 2048w, https:\/\/wawkomp.szubin.net\/wp-content\/uploads\/2026\/02\/eae8de71-6c81-4661-a226-3dbf0628d31e-768x340.jpg 768w, https:\/\/wawkomp.szubin.net\/wp-content\/uploads\/2026\/02\/eae8de71-6c81-4661-a226-3dbf0628d31e-1536x680.jpg 1536w\" sizes=\"auto, (max-width: 2048px) 100vw, 2048px\" \/><\/figure>\n\n\n\n<figure class=\"wp-block-image size-full\"><img loading=\"lazy\" decoding=\"async\" width=\"908\" height=\"2048\" data-id=\"1902\" src=\"https:\/\/wawkomp.szubin.net\/wp-content\/uploads\/2026\/02\/8f48b7ff-9413-45e5-aee0-1023584caa32.jpg\" alt=\"\" class=\"wp-image-1902\" srcset=\"https:\/\/wawkomp.szubin.net\/wp-content\/uploads\/2026\/02\/8f48b7ff-9413-45e5-aee0-1023584caa32.jpg 908w, https:\/\/wawkomp.szubin.net\/wp-content\/uploads\/2026\/02\/8f48b7ff-9413-45e5-aee0-1023584caa32-768x1732.jpg 768w, https:\/\/wawkomp.szubin.net\/wp-content\/uploads\/2026\/02\/8f48b7ff-9413-45e5-aee0-1023584caa32-681x1536.jpg 681w\" sizes=\"auto, (max-width: 908px) 100vw, 908px\" \/><\/figure>\n\n\n\n<figure class=\"wp-block-image size-full\"><img loading=\"lazy\" decoding=\"async\" width=\"2048\" height=\"907\" data-id=\"1903\" src=\"https:\/\/wawkomp.szubin.net\/wp-content\/uploads\/2026\/02\/21a12d66-117f-464e-95b4-cb91fbb7aa97.jpg\" alt=\"\" class=\"wp-image-1903\" srcset=\"https:\/\/wawkomp.szubin.net\/wp-content\/uploads\/2026\/02\/21a12d66-117f-464e-95b4-cb91fbb7aa97.jpg 2048w, https:\/\/wawkomp.szubin.net\/wp-content\/uploads\/2026\/02\/21a12d66-117f-464e-95b4-cb91fbb7aa97-768x340.jpg 768w, https:\/\/wawkomp.szubin.net\/wp-content\/uploads\/2026\/02\/21a12d66-117f-464e-95b4-cb91fbb7aa97-1536x680.jpg 1536w\" sizes=\"auto, (max-width: 2048px) 100vw, 2048px\" \/><\/figure>\n\n\n\n<figure class=\"wp-block-image size-full\"><img loading=\"lazy\" decoding=\"async\" width=\"2048\" height=\"907\" data-id=\"1906\" src=\"https:\/\/wawkomp.szubin.net\/wp-content\/uploads\/2026\/02\/051ecfc0-5782-4870-914b-df3bde43858b.jpg\" alt=\"\" class=\"wp-image-1906\" srcset=\"https:\/\/wawkomp.szubin.net\/wp-content\/uploads\/2026\/02\/051ecfc0-5782-4870-914b-df3bde43858b.jpg 2048w, https:\/\/wawkomp.szubin.net\/wp-content\/uploads\/2026\/02\/051ecfc0-5782-4870-914b-df3bde43858b-768x340.jpg 768w, https:\/\/wawkomp.szubin.net\/wp-content\/uploads\/2026\/02\/051ecfc0-5782-4870-914b-df3bde43858b-1536x680.jpg 1536w\" sizes=\"auto, (max-width: 2048px) 100vw, 2048px\" \/><\/figure>\n\n\n\n<figure class=\"wp-block-image size-full\"><img loading=\"lazy\" decoding=\"async\" width=\"2048\" height=\"907\" data-id=\"1904\" src=\"https:\/\/wawkomp.szubin.net\/wp-content\/uploads\/2026\/02\/81fbec13-f3f7-4920-93f0-5950e7b77a70.jpg\" alt=\"\" class=\"wp-image-1904\" srcset=\"https:\/\/wawkomp.szubin.net\/wp-content\/uploads\/2026\/02\/81fbec13-f3f7-4920-93f0-5950e7b77a70.jpg 2048w, https:\/\/wawkomp.szubin.net\/wp-content\/uploads\/2026\/02\/81fbec13-f3f7-4920-93f0-5950e7b77a70-768x340.jpg 768w, https:\/\/wawkomp.szubin.net\/wp-content\/uploads\/2026\/02\/81fbec13-f3f7-4920-93f0-5950e7b77a70-1536x680.jpg 1536w\" sizes=\"auto, (max-width: 2048px) 100vw, 2048px\" \/><\/figure>\n\n\n\n<figure class=\"wp-block-image size-full\"><img loading=\"lazy\" decoding=\"async\" width=\"2048\" height=\"907\" data-id=\"1907\" src=\"https:\/\/wawkomp.szubin.net\/wp-content\/uploads\/2026\/02\/173a511b-9f69-4399-9dc0-d10b8b1d6d25.jpg\" alt=\"\" class=\"wp-image-1907\" srcset=\"https:\/\/wawkomp.szubin.net\/wp-content\/uploads\/2026\/02\/173a511b-9f69-4399-9dc0-d10b8b1d6d25.jpg 2048w, https:\/\/wawkomp.szubin.net\/wp-content\/uploads\/2026\/02\/173a511b-9f69-4399-9dc0-d10b8b1d6d25-768x340.jpg 768w, https:\/\/wawkomp.szubin.net\/wp-content\/uploads\/2026\/02\/173a511b-9f69-4399-9dc0-d10b8b1d6d25-1536x680.jpg 1536w\" sizes=\"auto, (max-width: 2048px) 100vw, 2048px\" \/><\/figure>\n\n\n\n<figure class=\"wp-block-image size-full\"><img loading=\"lazy\" decoding=\"async\" width=\"2048\" height=\"907\" data-id=\"1905\" src=\"https:\/\/wawkomp.szubin.net\/wp-content\/uploads\/2026\/02\/392b1e5a-5abc-4958-9b61-523e40a45a51.jpg\" alt=\"\" class=\"wp-image-1905\" srcset=\"https:\/\/wawkomp.szubin.net\/wp-content\/uploads\/2026\/02\/392b1e5a-5abc-4958-9b61-523e40a45a51.jpg 2048w, https:\/\/wawkomp.szubin.net\/wp-content\/uploads\/2026\/02\/392b1e5a-5abc-4958-9b61-523e40a45a51-768x340.jpg 768w, https:\/\/wawkomp.szubin.net\/wp-content\/uploads\/2026\/02\/392b1e5a-5abc-4958-9b61-523e40a45a51-1536x680.jpg 1536w\" sizes=\"auto, (max-width: 2048px) 100vw, 2048px\" \/><\/figure>\n\n\n\n<figure class=\"wp-block-image size-full\"><img loading=\"lazy\" decoding=\"async\" width=\"2048\" height=\"907\" data-id=\"1909\" src=\"https:\/\/wawkomp.szubin.net\/wp-content\/uploads\/2026\/02\/714be059-f3ad-4620-a6a3-719219bd5cb9.jpg\" alt=\"\" class=\"wp-image-1909\" srcset=\"https:\/\/wawkomp.szubin.net\/wp-content\/uploads\/2026\/02\/714be059-f3ad-4620-a6a3-719219bd5cb9.jpg 2048w, https:\/\/wawkomp.szubin.net\/wp-content\/uploads\/2026\/02\/714be059-f3ad-4620-a6a3-719219bd5cb9-768x340.jpg 768w, https:\/\/wawkomp.szubin.net\/wp-content\/uploads\/2026\/02\/714be059-f3ad-4620-a6a3-719219bd5cb9-1536x680.jpg 1536w\" sizes=\"auto, (max-width: 2048px) 100vw, 2048px\" \/><\/figure>\n\n\n\n<figure class=\"wp-block-image size-full\"><img loading=\"lazy\" decoding=\"async\" width=\"908\" height=\"2048\" data-id=\"1911\" src=\"https:\/\/wawkomp.szubin.net\/wp-content\/uploads\/2026\/02\/948ee8bf-c474-47f4-9690-2c4b67d8f36c.jpg\" alt=\"\" class=\"wp-image-1911\" srcset=\"https:\/\/wawkomp.szubin.net\/wp-content\/uploads\/2026\/02\/948ee8bf-c474-47f4-9690-2c4b67d8f36c.jpg 908w, https:\/\/wawkomp.szubin.net\/wp-content\/uploads\/2026\/02\/948ee8bf-c474-47f4-9690-2c4b67d8f36c-768x1732.jpg 768w, https:\/\/wawkomp.szubin.net\/wp-content\/uploads\/2026\/02\/948ee8bf-c474-47f4-9690-2c4b67d8f36c-681x1536.jpg 681w\" sizes=\"auto, (max-width: 908px) 100vw, 908px\" \/><\/figure>\n\n\n\n<figure class=\"wp-block-image size-full\"><img loading=\"lazy\" decoding=\"async\" width=\"908\" height=\"2048\" data-id=\"1910\" src=\"https:\/\/wawkomp.szubin.net\/wp-content\/uploads\/2026\/02\/5153f39f-a0df-445f-8075-a13d234359bd.jpg\" alt=\"\" class=\"wp-image-1910\" srcset=\"https:\/\/wawkomp.szubin.net\/wp-content\/uploads\/2026\/02\/5153f39f-a0df-445f-8075-a13d234359bd.jpg 908w, https:\/\/wawkomp.szubin.net\/wp-content\/uploads\/2026\/02\/5153f39f-a0df-445f-8075-a13d234359bd-768x1732.jpg 768w, https:\/\/wawkomp.szubin.net\/wp-content\/uploads\/2026\/02\/5153f39f-a0df-445f-8075-a13d234359bd-681x1536.jpg 681w\" sizes=\"auto, (max-width: 908px) 100vw, 908px\" \/><\/figure>\n\n\n\n<figure class=\"wp-block-image size-full\"><img loading=\"lazy\" decoding=\"async\" width=\"2048\" height=\"907\" data-id=\"1908\" src=\"https:\/\/wawkomp.szubin.net\/wp-content\/uploads\/2026\/02\/35331a3e-2fcc-4ad2-b5ee-97218aefc9ca.jpg\" alt=\"\" class=\"wp-image-1908\" srcset=\"https:\/\/wawkomp.szubin.net\/wp-content\/uploads\/2026\/02\/35331a3e-2fcc-4ad2-b5ee-97218aefc9ca.jpg 2048w, https:\/\/wawkomp.szubin.net\/wp-content\/uploads\/2026\/02\/35331a3e-2fcc-4ad2-b5ee-97218aefc9ca-768x340.jpg 768w, https:\/\/wawkomp.szubin.net\/wp-content\/uploads\/2026\/02\/35331a3e-2fcc-4ad2-b5ee-97218aefc9ca-1536x680.jpg 1536w\" sizes=\"auto, (max-width: 2048px) 100vw, 2048px\" \/><\/figure>\n\n\n\n<figure class=\"wp-block-image size-full\"><img loading=\"lazy\" decoding=\"async\" width=\"908\" height=\"2048\" data-id=\"1912\" src=\"https:\/\/wawkomp.szubin.net\/wp-content\/uploads\/2026\/02\/692739fd-63a7-4971-80c8-f3053c296649.jpg\" alt=\"\" class=\"wp-image-1912\" srcset=\"https:\/\/wawkomp.szubin.net\/wp-content\/uploads\/2026\/02\/692739fd-63a7-4971-80c8-f3053c296649.jpg 908w, https:\/\/wawkomp.szubin.net\/wp-content\/uploads\/2026\/02\/692739fd-63a7-4971-80c8-f3053c296649-768x1732.jpg 768w, https:\/\/wawkomp.szubin.net\/wp-content\/uploads\/2026\/02\/692739fd-63a7-4971-80c8-f3053c296649-681x1536.jpg 681w\" sizes=\"auto, (max-width: 908px) 100vw, 908px\" \/><\/figure>\n\n\n\n<figure class=\"wp-block-image size-full\"><img loading=\"lazy\" decoding=\"async\" width=\"2048\" height=\"907\" data-id=\"1913\" src=\"https:\/\/wawkomp.szubin.net\/wp-content\/uploads\/2026\/02\/ad0a8102-2a63-401c-9259-6ffa1abb6cde-1.jpg\" alt=\"\" class=\"wp-image-1913\" srcset=\"https:\/\/wawkomp.szubin.net\/wp-content\/uploads\/2026\/02\/ad0a8102-2a63-401c-9259-6ffa1abb6cde-1.jpg 2048w, https:\/\/wawkomp.szubin.net\/wp-content\/uploads\/2026\/02\/ad0a8102-2a63-401c-9259-6ffa1abb6cde-1-768x340.jpg 768w, https:\/\/wawkomp.szubin.net\/wp-content\/uploads\/2026\/02\/ad0a8102-2a63-401c-9259-6ffa1abb6cde-1-1536x680.jpg 1536w\" sizes=\"auto, (max-width: 2048px) 100vw, 2048px\" \/><\/figure>\n\n\n\n<figure class=\"wp-block-image size-full\"><img loading=\"lazy\" decoding=\"async\" width=\"2048\" height=\"907\" data-id=\"1917\" src=\"https:\/\/wawkomp.szubin.net\/wp-content\/uploads\/2026\/02\/ad0a8102-2a63-401c-9259-6ffa1abb6cde.jpg\" alt=\"\" class=\"wp-image-1917\" srcset=\"https:\/\/wawkomp.szubin.net\/wp-content\/uploads\/2026\/02\/ad0a8102-2a63-401c-9259-6ffa1abb6cde.jpg 2048w, https:\/\/wawkomp.szubin.net\/wp-content\/uploads\/2026\/02\/ad0a8102-2a63-401c-9259-6ffa1abb6cde-768x340.jpg 768w, https:\/\/wawkomp.szubin.net\/wp-content\/uploads\/2026\/02\/ad0a8102-2a63-401c-9259-6ffa1abb6cde-1536x680.jpg 1536w\" sizes=\"auto, (max-width: 2048px) 100vw, 2048px\" \/><\/figure>\n\n\n\n<figure class=\"wp-block-image size-full\"><img loading=\"lazy\" decoding=\"async\" width=\"908\" height=\"2048\" data-id=\"1915\" src=\"https:\/\/wawkomp.szubin.net\/wp-content\/uploads\/2026\/02\/c499471c-5102-4490-b43c-c1c168d7740d.jpg\" alt=\"\" class=\"wp-image-1915\" srcset=\"https:\/\/wawkomp.szubin.net\/wp-content\/uploads\/2026\/02\/c499471c-5102-4490-b43c-c1c168d7740d.jpg 908w, https:\/\/wawkomp.szubin.net\/wp-content\/uploads\/2026\/02\/c499471c-5102-4490-b43c-c1c168d7740d-768x1732.jpg 768w, https:\/\/wawkomp.szubin.net\/wp-content\/uploads\/2026\/02\/c499471c-5102-4490-b43c-c1c168d7740d-681x1536.jpg 681w\" sizes=\"auto, (max-width: 908px) 100vw, 908px\" \/><\/figure>\n\n\n\n<figure class=\"wp-block-image size-full\"><img loading=\"lazy\" decoding=\"async\" width=\"908\" height=\"2048\" data-id=\"1916\" src=\"https:\/\/wawkomp.szubin.net\/wp-content\/uploads\/2026\/02\/ce120c2c-a1ee-4850-bde7-4519d46b40a0.jpg\" alt=\"\" class=\"wp-image-1916\" srcset=\"https:\/\/wawkomp.szubin.net\/wp-content\/uploads\/2026\/02\/ce120c2c-a1ee-4850-bde7-4519d46b40a0.jpg 908w, https:\/\/wawkomp.szubin.net\/wp-content\/uploads\/2026\/02\/ce120c2c-a1ee-4850-bde7-4519d46b40a0-768x1732.jpg 768w, https:\/\/wawkomp.szubin.net\/wp-content\/uploads\/2026\/02\/ce120c2c-a1ee-4850-bde7-4519d46b40a0-681x1536.jpg 681w\" sizes=\"auto, (max-width: 908px) 100vw, 908px\" \/><\/figure>\n\n\n\n<figure class=\"wp-block-image size-full\"><img loading=\"lazy\" decoding=\"async\" width=\"2048\" height=\"907\" data-id=\"1914\" src=\"https:\/\/wawkomp.szubin.net\/wp-content\/uploads\/2026\/02\/d7e9492d-a640-4c24-882f-a1f0ab21b2d2.jpg\" alt=\"\" class=\"wp-image-1914\" srcset=\"https:\/\/wawkomp.szubin.net\/wp-content\/uploads\/2026\/02\/d7e9492d-a640-4c24-882f-a1f0ab21b2d2.jpg 2048w, https:\/\/wawkomp.szubin.net\/wp-content\/uploads\/2026\/02\/d7e9492d-a640-4c24-882f-a1f0ab21b2d2-768x340.jpg 768w, https:\/\/wawkomp.szubin.net\/wp-content\/uploads\/2026\/02\/d7e9492d-a640-4c24-882f-a1f0ab21b2d2-1536x680.jpg 1536w\" sizes=\"auto, (max-width: 2048px) 100vw, 2048px\" \/><\/figure>\n<\/figure>\n","protected":false},"excerpt":{"rendered":"<p>W naszym sklepie\/serwisie zapanowa\u0142a jasno\u015b\u0107 \u2013 zainwestowali\u015bmy w nowoczesne, energooszcz\u0119dne o\u015bwietlenie. Dzi\u0119ki temu wyb\u00f3r idealnego laptopa jest teraz jeszcze \u0142atwiejszy, a ka\u017cdy detal sprz\u0119tu doskonale widoczny!<\/p>\n","protected":false},"author":1,"featured_media":0,"parent":0,"menu_order":0,"comment_status":"closed","ping_status":"closed","template":"","meta":{"footnotes":""},"class_list":["post-1881","page","type-page","status-publish","hentry"],"_links":{"self":[{"href":"https:\/\/wawkomp.szubin.net\/index.php?rest_route=\/wp\/v2\/pages\/1881","targetHints":{"allow":["GET"]}}],"collection":[{"href":"https:\/\/wawkomp.szubin.net\/index.php?rest_route=\/wp\/v2\/pages"}],"about":[{"href":"https:\/\/wawkomp.szubin.net\/index.php?rest_route=\/wp\/v2\/types\/page"}],"author":[{"embeddable":true,"href":"https:\/\/wawkomp.szubin.net\/index.php?rest_route=\/wp\/v2\/users\/1"}],"replies":[{"embeddable":true,"href":"https:\/\/wawkomp.szubin.net\/index.php?rest_route=%2Fwp%2Fv2%2Fcomments&post=1881"}],"version-history":[{"count":2,"href":"https:\/\/wawkomp.szubin.net\/index.php?rest_route=\/wp\/v2\/pages\/1881\/revisions"}],"predecessor-version":[{"id":1918,"href":"https:\/\/wawkomp.szubin.net\/index.php?rest_route=\/wp\/v2\/pages\/1881\/revisions\/1918"}],"wp:attachment":[{"href":"https:\/\/wawkomp.szubin.net\/index.php?rest_route=%2Fwp%2Fv2%2Fmedia&parent=1881"}],"curies":[{"name":"wp","href":"https:\/\/api.w.org\/{rel}","templated":true}]}}