{"id":402,"date":"2013-03-20T12:29:13","date_gmt":"2013-03-20T12:29:13","guid":{"rendered":"https:\/\/wawkomp.szubin.net\/?page_id=402"},"modified":"2026-02-03T11:40:52","modified_gmt":"2026-02-03T11:40:52","slug":"drugie-pomieszczenie","status":"publish","type":"page","link":"https:\/\/wawkomp.szubin.net\/?page_id=402","title":{"rendered":"Historia"},"content":{"rendered":"<p>Przedstawiamy fotograficzn\u0105 histori\u0119 powstania i kolejne etapy rozwoju\/zmian w firmie. Zapraszam.<\/p>\n<ol>\n<li><a href=\"https:\/\/wawkomp.szubin.net\/?page_id=408\">Internet Cafe 3 Maja<\/a> &#8211; pocz\u0105tki firmy przy ul. 3 Maja 9 w Szubinie &#8211; 2001 r (6 miesi\u0119cy).<\/li>\n<li><a href=\"https:\/\/wawkomp.szubin.net\/?page_id=246\">Pocz\u0105tki<\/a> &#8211; wielkie otwarcie przy ul. M\u0142y\u0144skiej 24 w Szubinie &#8211; sierpie\u0144 2003 r<\/li>\n<li><a href=\"https:\/\/wawkomp.szubin.net\/?page_id=348\">Dzia\u0142amy..<\/a>. &#8211; tak wygl\u0105da\u0142y pocz\u0105tki dzia\u0142alno\u015bci w nowej siedzibie przy ul. M\u0142y\u0144skiej 24.<\/li>\n<li><a href=\"https:\/\/wawkomp.szubin.net\/?page_id=503\">Dach<\/a> &#8211; remont dachu w celu poszerzenia dzia\u0142alno\u015bci o kolejne pomieszczenie.<\/li>\n<li><a href=\"https:\/\/wawkomp.szubin.net\/?page_id=103\">Powi\u0119kszamy si\u0119<\/a> &#8211; remont kolejnego pomieszczenia, gdzie dzisiaj mie\u015bci si\u0119 serwis.<\/li>\n<li><a href=\"https:\/\/wawkomp.szubin.net\/?page_id=533\">\u015acie\u017cka<\/a> &#8211; nowa \u015bcie\u017cka betonowa.<\/li>\n<li><a href=\"https:\/\/wawkomp.szubin.net\/?page_id=372\">Play Kcynia<\/a> &#8211; 2 lata dzia\u0142alno\u015bci w salonie Play w Kcyni przy ul. Rynek 30.<\/li>\n<li><a title=\"Powi\u0119kszamy si\u0119 2\" href=\"https:\/\/wawkomp.szubin.net\/?page_id=620\">Remont dalszej cz\u0119\u015bci<\/a>\u00a0&#8211; tynkowanie, woda i kanalizacja &#8211; lato 2013.<\/li>\n<li><a title=\"Remont 2014 lato\" href=\"https:\/\/wawkomp.szubin.net\/?page_id=807\">Remont cz\u0119\u015bci sklepowej &#8211; 2014 lato<\/a>.<\/li>\n<li><a href=\"https:\/\/wawkomp.szubin.net\/?page_id=873\">Remont cz\u0119\u015bci serwisowej &#8211; pa\u017adziernik 2015.<\/a><\/li>\n<li><a href=\"https:\/\/wawkomp.szubin.net\/?page_id=893\">Elewacja przednia i boczna oraz konserwacja dachu i rynna &#8211; sierpie\u0144 2015.<\/a><\/li>\n<li><a href=\"https:\/\/wawkomp.szubin.net\/?page_id=919\">Instalacja paczkomatu Inpost &#8211; pa\u017adziernik\u00a02015<\/a><\/li>\n<li><a href=\"https:\/\/wawkomp.szubin.net\/?page_id=935\">P\u0142atno\u015b\u0107 kart\u0105 &#8211; pa\u017adziernik 2015.<\/a><\/li>\n<li><a href=\"https:\/\/wawkomp.szubin.net\/?page_id=985\">Instalacja klimatyzacji z funkcj\u0105 pompy ciep\u0142a &#8211; lipiec 2016<\/a><\/li>\n<li><a href=\"https:\/\/wawkomp.szubin.net\/?page_id=959\">Przeniesienie kot\u0142owni i budowa nowego komina &#8211; grudzie\u0144 2016.<\/a><\/li>\n<li><a href=\"https:\/\/wawkomp.szubin.net\/?page_id=996\">Utworzenie dodatkowego pomieszczenia na magazyn &#8211; od lipiec 2016 do luty 2017<\/a><\/li>\n<li><a href=\"https:\/\/wawkomp.szubin.net\/?page_id=1000\">Serwis uzyskuje nowe stanowiska, co\u00a0zwi\u0119ksza wydajno\u015b\u0107 pracy &#8211; luty 2017<\/a><\/li>\n<li><a href=\"https:\/\/wawkomp.szubin.net\/?page_id=1137\">Nowa papa na dachu &#8211; sierpie\u0144 2017<\/a><\/li>\n<li><a href=\"https:\/\/wawkomp.szubin.net\/?page_id=1314\">Kostka brukowa przed wej\u015bciem do firmy &#8211; wrzesie\u0144 2020<\/a><\/li>\n<li><a href=\"https:\/\/wawkomp.szubin.net\/?page_id=1332\">Poszerzenie kostki brukowej pod paczkomat InPost &#8211; lipiec 2021<\/a><\/li>\n<li><a href=\"https:\/\/wawkomp.szubin.net\/?page_id=1340\">Remont magazynu &#8211; lipiec 2021<\/a><\/li>\n<li><a href=\"https:\/\/wawkomp.szubin.net\/?page_id=1370\">Renowacja muru od strony szubi\u0144skiego rynku &#8211; sierpie\u0144 2021<\/a><\/li>\n<li><a href=\"https:\/\/wawkomp.szubin.net\/?page_id=1373\">Powr\u00f3t paczkomatu InPost &#8211; 18 sierpnia 2021<\/a><\/li>\n<li><a href=\"https:\/\/wawkomp.szubin.net\/?page_id=1406\">Nowa szata graficzna reklam firmy &#8211; sierpie\u0144 2021<\/a><\/li>\n<li><a href=\"https:\/\/wawkomp.szubin.net\/?page_id=1442\">Paczkomat d\u0142u\u017cszy o 2 metry &#8211; 17 grudnia 2021<\/a><\/li>\n<li><a href=\"https:\/\/wawkomp.szubin.net\/?page_id=1470\">WawKomp ma mo\u017cliwo\u015b\u0107 pod\u0142\u0105czenia do szybkiego \u015bwiat\u0142owodu 600 Mb\/s &#8211; 22 grudnia 2022<\/a><\/li>\n<li><a href=\"https:\/\/wawkomp.szubin.net\/?page_id=1562\">WawKomp do\u0142\u0105cza do sieci Alsen &#8211; 2023<\/a><\/li>\n<li><a href=\"https:\/\/wawkomp.szubin.net\/?page_id=1485\">Ogrzewanie pod\u0142ogowe i nowe p\u0142ytki &#8211; Serwis &#8211; sierpie\u0144 2023<\/a><\/li>\n<li><a href=\"https:\/\/wawkomp.szubin.net\/?page_id=1592\">Wygl\u0105d firmy przed wyd\u0142u\u017ceniem paczkomatu &#8211; kwiecie\u0144 2024<\/a><\/li>\n<li><a href=\"https:\/\/wawkomp.szubin.net\/?page_id=1624\">Kostka brukowa &#8211; zagospodarowanie terenu wok\u00f3\u0142 firmy WawKomp &#8211; 30 kwietnia 2024 r.<\/a><\/li>\n<li><a href=\"https:\/\/wawkomp.szubin.net\/?page_id=1598\">Paczkomat Inpost ro\u015bnie o kolejne 2 metry &#8211; 15 maja 2024<\/a><\/li>\n<li><a href=\"https:\/\/wawkomp.szubin.net\/?page_id=1682\">Historia reklam WawKomp<\/a><\/li>\n<li><a href=\"https:\/\/wawkomp.szubin.net\/?page_id=1817\">Instalacja i uruchomienie pompy ciep\u0142a<\/a> &#8211; grudzie\u0144 2025<\/li>\n<li><a href=\"https:\/\/wawkomp.szubin.net\/?page_id=1881\">Nowe o\u015bwietlenie i obni\u017cenie sufitu &#8211; stycze\u0144 2026<\/a><\/li>\n<\/ol>\n\n\n<p><\/p>\n","protected":false},"excerpt":{"rendered":"<p>Przedstawiamy fotograficzn\u0105 histori\u0119 powstania i kolejne etapy rozwoju\/zmian w firmie. Zapraszam. Internet Cafe 3 Maja &#8211; pocz\u0105tki firmy przy ul. 3 Maja 9 w Szubinie &#8211; 2001 r (6 miesi\u0119cy). Pocz\u0105tki &#8211; wielkie otwarcie przy ul. M\u0142y\u0144skiej 24 w Szubinie &#8211; sierpie\u0144 2003 r Dzia\u0142amy&#8230; &#8211; tak wygl\u0105da\u0142y pocz\u0105tki dzia\u0142alno\u015bci w nowej siedzibie przy ul.&hellip; <a class=\"continue\" href=\"https:\/\/wawkomp.szubin.net\/?page_id=402\">Continue Reading<span> Historia<\/span><\/a><\/p>\n","protected":false},"author":1,"featured_media":0,"parent":0,"menu_order":0,"comment_status":"closed","ping_status":"closed","template":"","meta":{"footnotes":""},"class_list":["post-402","page","type-page","status-publish","hentry"],"_links":{"self":[{"href":"https:\/\/wawkomp.szubin.net\/index.php?rest_route=\/wp\/v2\/pages\/402","targetHints":{"allow":["GET"]}}],"collection":[{"href":"https:\/\/wawkomp.szubin.net\/index.php?rest_route=\/wp\/v2\/pages"}],"about":[{"href":"https:\/\/wawkomp.szubin.net\/index.php?rest_route=\/wp\/v2\/types\/page"}],"author":[{"embeddable":true,"href":"https:\/\/wawkomp.szubin.net\/index.php?rest_route=\/wp\/v2\/users\/1"}],"replies":[{"embeddable":true,"href":"https:\/\/wawkomp.szubin.net\/index.php?rest_route=%2Fwp%2Fv2%2Fcomments&post=402"}],"version-history":[{"count":66,"href":"https:\/\/wawkomp.szubin.net\/index.php?rest_route=\/wp\/v2\/pages\/402\/revisions"}],"predecessor-version":[{"id":1900,"href":"https:\/\/wawkomp.szubin.net\/index.php?rest_route=\/wp\/v2\/pages\/402\/revisions\/1900"}],"wp:attachment":[{"href":"https:\/\/wawkomp.szubin.net\/index.php?rest_route=%2Fwp%2Fv2%2Fmedia&parent=402"}],"curies":[{"name":"wp","href":"https:\/\/api.w.org\/{rel}","templated":true}]}}