{"id":9,"date":"2012-06-03T07:04:26","date_gmt":"2012-06-03T07:04:26","guid":{"rendered":"https:\/\/wawkomp.szubin.net\/?page_id=9"},"modified":"2024-10-20T17:37:33","modified_gmt":"2024-10-20T17:37:33","slug":"strona-glowna","status":"publish","type":"page","link":"https:\/\/wawkomp.szubin.net\/?page_id=9","title":{"rendered":"O nas"},"content":{"rendered":"<div class=\"wp-block-image\">\n<figure class=\"alignright size-full is-resized\"><img loading=\"lazy\" decoding=\"async\" width=\"762\" height=\"273\" src=\"https:\/\/wawkomp.szubin.net\/wp-content\/uploads\/2012\/05\/logo_Szary-napis.gif\" alt=\"\" class=\"wp-image-1701\" style=\"width:275px;height:auto\"\/><\/figure>\n<\/div>\n\n\n<p>Firma WawKomp za\u0142o\u017cona zosta\u0142a w 2000 roku i od pocz\u0105tku swojej dzia\u0142alno\u015bci zajmuje si\u0119 serwisem, sprzeda\u017c\u0105 podzespo\u0142\u00f3w i system\u00f3w komputerowych. Sw\u00f3j podstawowy cel, jakim jest zapewnienie satysfakcji klient\u00f3w, osi\u0105gamy poprzez spe\u0142nianie ich oczekiwa\u0144, przede wszystkim w zakresie jako\u015bci oferowanych us\u0142ug. W miar\u0119 mo\u017cliwo\u015bci pozyskujemy najnowsze zdobycze my\u015bli informatycznej.<\/p>\n\n\n\n<p>Si\u0142\u0119 naszej firmy stanowi kadra wysoko wykwalifikowanych pracownik\u00f3w, kt\u00f3rych umiej\u0119tno\u015bci doradcze i fachowa wiedza pozwalaj\u0105 na szybk\u0105 i skuteczn\u0105 obs\u0142ug\u0119 interesant\u00f3w. Zdobywane od lat do\u015bwiadczenie buduje nasz\u0105&nbsp; pozycj\u0119 na lokalnym rynku komputerowym, a klientowi gwarantuje poczucie bezpiecze\u0144stwa i zadowolenie z dokonanego zakupu lub wykonanej us\u0142ugi.<\/p>\n\n\n\n<p>Zapraszamy do naszej plac\u00f3wki <span style=\"color: #ffcc00;\"><strong>w Szubinie przy ul. M\u0142y\u0144skiej 24: od poniedzia\u0142ku do pi\u0105tku w godzinach 9.00-17.00, w soboty w godzinach 9.00-13.00<\/strong><\/span><\/p>\n\n\n\n<p>&nbsp;<\/p>\n","protected":false},"excerpt":{"rendered":"<p>Firma WawKomp za\u0142o\u017cona zosta\u0142a w 2000 roku i od pocz\u0105tku swojej dzia\u0142alno\u015bci zajmuje si\u0119 serwisem, sprzeda\u017c\u0105 podzespo\u0142\u00f3w i system\u00f3w komputerowych. Sw\u00f3j podstawowy cel, jakim jest zapewnienie satysfakcji klient\u00f3w, osi\u0105gamy poprzez spe\u0142nianie ich oczekiwa\u0144, przede wszystkim w zakresie jako\u015bci oferowanych us\u0142ug. W miar\u0119 mo\u017cliwo\u015bci pozyskujemy najnowsze zdobycze my\u015bli informatycznej. Si\u0142\u0119 naszej firmy stanowi kadra wysoko wykwalifikowanych&hellip; <a class=\"continue\" href=\"https:\/\/wawkomp.szubin.net\/?page_id=9\">Continue Reading<span> O nas<\/span><\/a><\/p>\n","protected":false},"author":1,"featured_media":0,"parent":0,"menu_order":0,"comment_status":"open","ping_status":"open","template":"","meta":{"footnotes":""},"class_list":["post-9","page","type-page","status-publish","hentry"],"_links":{"self":[{"href":"https:\/\/wawkomp.szubin.net\/index.php?rest_route=\/wp\/v2\/pages\/9","targetHints":{"allow":["GET"]}}],"collection":[{"href":"https:\/\/wawkomp.szubin.net\/index.php?rest_route=\/wp\/v2\/pages"}],"about":[{"href":"https:\/\/wawkomp.szubin.net\/index.php?rest_route=\/wp\/v2\/types\/page"}],"author":[{"embeddable":true,"href":"https:\/\/wawkomp.szubin.net\/index.php?rest_route=\/wp\/v2\/users\/1"}],"replies":[{"embeddable":true,"href":"https:\/\/wawkomp.szubin.net\/index.php?rest_route=%2Fwp%2Fv2%2Fcomments&post=9"}],"version-history":[{"count":34,"href":"https:\/\/wawkomp.szubin.net\/index.php?rest_route=\/wp\/v2\/pages\/9\/revisions"}],"predecessor-version":[{"id":1704,"href":"https:\/\/wawkomp.szubin.net\/index.php?rest_route=\/wp\/v2\/pages\/9\/revisions\/1704"}],"wp:attachment":[{"href":"https:\/\/wawkomp.szubin.net\/index.php?rest_route=%2Fwp%2Fv2%2Fmedia&parent=9"}],"curies":[{"name":"wp","href":"https:\/\/api.w.org\/{rel}","templated":true}]}}